{"id":1512,"date":"2017-02-07T17:49:50","date_gmt":"2017-02-07T14:49:50","guid":{"rendered":"http:\/\/www.woundedfoundation.org\/?page_id=1512"},"modified":"2019-07-11T16:05:19","modified_gmt":"2019-07-11T13:05:19","slug":"la-page-principale","status":"publish","type":"page","link":"https:\/\/www.woundedfoundation.org\/?lang=fr","title":{"rendered":"La page principale"},"content":{"rendered":"<p>[vc_row][vc_column]<div class=\" bs-listing bs-listing-slider-1 bs-listing-single-tab\">\t<div class=\"bs-shortcode bs-slider bs-slider-1 clearfix  l-1\">\n\n\t\t<div class=\"better-slider\" id=\"slider-353408889\"\n\t\t     data-slideshowSpeed=\"7000\"\n\t\t     data-animation=\"fade\"\n\t\t     data-controlNav=\"1\"\n\t\t     data-animationSpeed=\"600\">\n\t\t\t<ul class=\"slides\">\n\t\t\t\t\t\t\t\t\t<li class=\"slide bs-slider-item bs-slider-1-item main-term-260 has-post-thumbnail\">\n\t\t\t\t\t\t<div class=\"item-content\">\n\n\t\t\t\t\t\t\t<a class=\"img-cont\" href=\"https:\/\/www.woundedfoundation.org\/?p=2955\"\n\t\t\t\t\t\t\t   style=\"background-image: url('https:\/\/www.woundedfoundation.org\/wp-content\/uploads\/2018\/12\/IMG-20181210-WA0018.jpg')\"><\/a>\n\t\t\t\t\t\t\t\t\t\t\t\t\t\t<div class=\"content-container\">\n\t\t\t\t\t\t\t\t<h3 class=\"title\">\t\t\t\t\t\t\t\t<a class=\"post-url post-title\" href=\"https:\/\/www.woundedfoundation.org\/?p=2955\">\n\t\t\t\t\t\t\t\t\tLa soci\u00e9t\u00e9 des bless\u00e9s organise un cours de formation sur la r\u00e9animation cardiopulmonaire et les blessures multiples\t\t\t\t\t\t\t\t<\/a>\n\t\t\t\t\t\t\t\t<\/h3>\t\t<div class=\"post-meta\">\n\n\t\t\t\t\t\t\t<span class=\"time\"><time class=\"post-published updated\"\n\t\t\t\t                         datetime=\"2018-12-10T19:28:23+03:00\">\u062f\u064a\u0633\u0645\u0628\u0631 10, 2018<\/time><\/span>\n\t\t\t\t\t\t<\/div>\n\t\t\t\t\t\t\t\t\t<\/div>\n\t\t\t\t\t\t<\/div>\n\t\t\t\t\t<\/li>\n\t\t\t\t\t\t\t\t\t\t<li class=\"slide bs-slider-item bs-slider-1-item main-term-260 has-post-thumbnail\">\n\t\t\t\t\t\t<div class=\"item-content\">\n\n\t\t\t\t\t\t\t<a class=\"img-cont\" href=\"https:\/\/www.woundedfoundation.org\/?p=2948\"\n\t\t\t\t\t\t\t   style=\"background-image: url('https:\/\/www.woundedfoundation.org\/wp-content\/uploads\/2018\/12\/IMG-20181229-WA0023.jpg')\"><\/a>\n\t\t\t\t\t\t\t\t\t\t\t\t\t\t<div class=\"content-container\">\n\t\t\t\t\t\t\t\t<h3 class=\"title\">\t\t\t\t\t\t\t\t<a class=\"post-url post-title\" href=\"https:\/\/www.woundedfoundation.org\/?p=2948\">\n\t\t\t\t\t\t\t\t\tLa soci\u00e9t\u00e9 des bless\u00e9s soutient l&#8217;h\u00f4pital de Bait Alfaqih avec des \u00e9quipements, des m\u00e9dicaments et des solutions medicales.\t\t\t\t\t\t\t\t<\/a>\n\t\t\t\t\t\t\t\t<\/h3>\t\t<div class=\"post-meta\">\n\n\t\t\t\t\t\t\t<span class=\"time\"><time class=\"post-published updated\"\n\t\t\t\t                         datetime=\"2018-12-09T19:03:17+03:00\">\u062f\u064a\u0633\u0645\u0628\u0631 9, 2018<\/time><\/span>\n\t\t\t\t\t\t<\/div>\n\t\t\t\t\t\t\t\t\t<\/div>\n\t\t\t\t\t\t<\/div>\n\t\t\t\t\t<\/li>\n\t\t\t\t\t\t\t\t\t\t<li class=\"slide bs-slider-item bs-slider-1-item main-term-260 has-post-thumbnail\">\n\t\t\t\t\t\t<div class=\"item-content\">\n\n\t\t\t\t\t\t\t<a class=\"img-cont\" href=\"https:\/\/www.woundedfoundation.org\/?p=2939\"\n\t\t\t\t\t\t\t   style=\"background-image: url('https:\/\/www.woundedfoundation.org\/wp-content\/uploads\/2018\/12\/DSC02853-1024x768-1.jpg')\"><\/a>\n\t\t\t\t\t\t\t\t\t\t\t\t\t\t<div class=\"content-container\">\n\t\t\t\t\t\t\t\t<h3 class=\"title\">\t\t\t\t\t\t\t\t<a class=\"post-url post-title\" href=\"https:\/\/www.woundedfoundation.org\/?p=2939\">\n\t\t\t\t\t\t\t\t\tLa soci\u00e9t\u00e9 fourni des ambulances pour \u00e9vacuer les bless\u00e9s\t\t\t\t\t\t\t\t<\/a>\n\t\t\t\t\t\t\t\t<\/h3>\t\t<div class=\"post-meta\">\n\n\t\t\t\t\t\t\t<span class=\"time\"><time class=\"post-published updated\"\n\t\t\t\t                         datetime=\"2018-12-09T18:52:28+03:00\">\u062f\u064a\u0633\u0645\u0628\u0631 9, 2018<\/time><\/span>\n\t\t\t\t\t\t<\/div>\n\t\t\t\t\t\t\t\t\t<\/div>\n\t\t\t\t\t\t<\/div>\n\t\t\t\t\t<\/li>\n\t\t\t\t\t\t\t\t\t\t<li class=\"slide bs-slider-item bs-slider-1-item main-term-260 has-post-thumbnail\">\n\t\t\t\t\t\t<div class=\"item-content\">\n\n\t\t\t\t\t\t\t<a class=\"img-cont\" href=\"https:\/\/www.woundedfoundation.org\/?p=2935\"\n\t\t\t\t\t\t\t   style=\"background-image: url('https:\/\/www.woundedfoundation.org\/wp-content\/uploads\/2018\/11\/DSC02735.jpg')\"><\/a>\n\t\t\t\t\t\t\t\t\t\t\t\t\t\t<div class=\"content-container\">\n\t\t\t\t\t\t\t\t<h3 class=\"title\">\t\t\t\t\t\t\t\t<a class=\"post-url post-title\" href=\"https:\/\/www.woundedfoundation.org\/?p=2935\">\n\t\t\t\t\t\t\t\t\tLa soci\u00e9t\u00e9 des bless\u00e9e organise une petite f\u00eate \u00e0 l&#8217;occasion de l&#8217;anniversaire de la Naissance du Proph\u00e8te\t\t\t\t\t\t\t\t<\/a>\n\t\t\t\t\t\t\t\t<\/h3>\t\t<div class=\"post-meta\">\n\n\t\t\t\t\t\t\t<span class=\"time\"><time class=\"post-published updated\"\n\t\t\t\t                         datetime=\"2018-11-18T18:30:03+03:00\">\u0646\u0648\u0641\u0645\u0628\u0631 18, 2018<\/time><\/span>\n\t\t\t\t\t\t<\/div>\n\t\t\t\t\t\t\t\t\t<\/div>\n\t\t\t\t\t\t<\/div>\n\t\t\t\t\t<\/li>\n\t\t\t\t\t\t\t\t<\/ul>\n\t\t<\/div>\n\t<\/div>\n<\/div><div class=\" bs-listing bs-listing-listing-thumbnail-2 bs-listing-single-tab\">\t\t\t<h3 class=\"section-heading sh-t6 sh-s2 main-term-253\">\n\n\t\t\t\n\t\t\t\t\t\t\t\t\t<a href=\"https:\/\/www.woundedfoundation.org\/?cat=253\" class=\"main-link\">\n\t\t\t\t\t\t\t<span class=\"h-text main-term-253\">\n\t\t\t\t\t\t\t\tTravaux de la soci\u00e9t\u00e9 sur le terrain\t\t\t\t\t\t\t<\/span>\n\t\t\t\t\t<\/a>\n\t\t\t\t\n\t\t\t\n\t\t\t<\/h3>\n\t\t\t\t<div class=\"listing listing-thumbnail listing-tb-2 clearfix scolumns-3 bsw-7 \">\n\t<article  class=\"post-2955 type-post format-standard has-post-thumbnail   listing-item listing-item-thumbnail listing-item-tb-2 main-term-260\">\n<div class=\"item-inner clearfix\">\n\t\t\t<div class=\"featured\">\n\t\t\t\t\t\t<a  title=\"La soci\u00e9t\u00e9 des bless\u00e9s organise un cours de formation sur la r\u00e9animation cardiopulmonaire et les blessures multiples\" style=\"background-image: url(https:\/\/www.woundedfoundation.org\/wp-content\/uploads\/2018\/12\/IMG-20181210-WA0018.jpg);\"\t\t\t\t\tclass=\"img-holder\" href=\"https:\/\/www.woundedfoundation.org\/?p=2955\"><\/a>\n\t\t\t\t\t<\/div>\n\t<h2 class=\"title\">\t<a class=\"post-url\" href=\"https:\/\/www.woundedfoundation.org\/?p=2955\" title=\"La soci\u00e9t\u00e9 des bless\u00e9s organise un cours de formation sur la r\u00e9animation cardiopulmonaire et les blessures multiples\">\n\t\t\t<span class=\"post-title\">\n\t\t\t\tLa soci\u00e9t\u00e9 des bless\u00e9s organise un cours de formation sur la&hellip;\t\t\t<\/span>\n\t<\/a>\n\t<\/h2><\/div>\n<\/article >\n<article  class=\"post-2948 type-post format-standard has-post-thumbnail   listing-item listing-item-thumbnail listing-item-tb-2 main-term-260\">\n<div class=\"item-inner clearfix\">\n\t\t\t<div class=\"featured\">\n\t\t\t\t\t\t<a  title=\"La soci\u00e9t\u00e9 des bless\u00e9s soutient l&#8217;h\u00f4pital de Bait Alfaqih avec des \u00e9quipements, des m\u00e9dicaments et des solutions medicales.\" style=\"background-image: url(https:\/\/www.woundedfoundation.org\/wp-content\/uploads\/2018\/12\/IMG-20181229-WA0023.jpg);\"\t\t\t\t\tclass=\"img-holder\" href=\"https:\/\/www.woundedfoundation.org\/?p=2948\"><\/a>\n\t\t\t\t\t<\/div>\n\t<h2 class=\"title\">\t<a class=\"post-url\" href=\"https:\/\/www.woundedfoundation.org\/?p=2948\" title=\"La soci\u00e9t\u00e9 des bless\u00e9s soutient l&#8217;h\u00f4pital de Bait Alfaqih avec des \u00e9quipements, des m\u00e9dicaments et des solutions medicales.\">\n\t\t\t<span class=\"post-title\">\n\t\t\t\tLa soci\u00e9t\u00e9 des bless\u00e9s soutient l&#8217;h\u00f4pital de Bait&hellip;\t\t\t<\/span>\n\t<\/a>\n\t<\/h2><\/div>\n<\/article >\n<article  class=\"post-2939 type-post format-standard has-post-thumbnail   listing-item listing-item-thumbnail listing-item-tb-2 main-term-260\">\n<div class=\"item-inner clearfix\">\n\t\t\t<div class=\"featured\">\n\t\t\t\t\t\t<a  title=\"La soci\u00e9t\u00e9 fourni des ambulances pour \u00e9vacuer les bless\u00e9s\" style=\"background-image: url(https:\/\/www.woundedfoundation.org\/wp-content\/uploads\/2018\/12\/DSC02853-1024x768-1.jpg);\"\t\t\t\t\tclass=\"img-holder\" href=\"https:\/\/www.woundedfoundation.org\/?p=2939\"><\/a>\n\t\t\t\t\t<\/div>\n\t<h2 class=\"title\">\t<a class=\"post-url\" href=\"https:\/\/www.woundedfoundation.org\/?p=2939\" title=\"La soci\u00e9t\u00e9 fourni des ambulances pour \u00e9vacuer les bless\u00e9s\">\n\t\t\t<span class=\"post-title\">\n\t\t\t\tLa soci\u00e9t\u00e9 fourni des ambulances pour \u00e9vacuer les bless\u00e9s\t\t\t<\/span>\n\t<\/a>\n\t<\/h2><\/div>\n<\/article >\n<article  class=\"post-2935 type-post format-standard has-post-thumbnail   listing-item listing-item-thumbnail listing-item-tb-2 main-term-260\">\n<div class=\"item-inner clearfix\">\n\t\t\t<div class=\"featured\">\n\t\t\t\t\t\t<a  title=\"La soci\u00e9t\u00e9 des bless\u00e9e organise une petite f\u00eate \u00e0 l&#8217;occasion de l&#8217;anniversaire de la Naissance du Proph\u00e8te\" style=\"background-image: url(https:\/\/www.woundedfoundation.org\/wp-content\/uploads\/2018\/11\/DSC02735.jpg);\"\t\t\t\t\tclass=\"img-holder\" href=\"https:\/\/www.woundedfoundation.org\/?p=2935\"><\/a>\n\t\t\t\t\t<\/div>\n\t<h2 class=\"title\">\t<a class=\"post-url\" href=\"https:\/\/www.woundedfoundation.org\/?p=2935\" title=\"La soci\u00e9t\u00e9 des bless\u00e9e organise une petite f\u00eate \u00e0 l&#8217;occasion de l&#8217;anniversaire de la Naissance du Proph\u00e8te\">\n\t\t\t<span class=\"post-title\">\n\t\t\t\tLa soci\u00e9t\u00e9 des bless\u00e9e organise une petite f\u00eate \u00e0&hellip;\t\t\t<\/span>\n\t<\/a>\n\t<\/h2><\/div>\n<\/article >\n<article  class=\"post-2933 type-post format-standard has-post-thumbnail   listing-item listing-item-thumbnail listing-item-tb-2 main-term-260\">\n<div class=\"item-inner clearfix\">\n\t\t\t<div class=\"featured\">\n\t\t\t\t\t\t<a  title=\"La soci\u00e9t\u00e9 des bless\u00e9s f\u00eate son deuxi\u00e8me anniversaire\" style=\"background-image: url(https:\/\/www.woundedfoundation.org\/wp-content\/uploads\/2018\/10\/1001694.jpg);\"\t\t\t\t\tclass=\"img-holder\" href=\"https:\/\/www.woundedfoundation.org\/?p=2933\"><\/a>\n\t\t\t\t\t<\/div>\n\t<h2 class=\"title\">\t<a class=\"post-url\" href=\"https:\/\/www.woundedfoundation.org\/?p=2933\" title=\"La soci\u00e9t\u00e9 des bless\u00e9s f\u00eate son deuxi\u00e8me anniversaire\">\n\t\t\t<span class=\"post-title\">\n\t\t\t\tLa soci\u00e9t\u00e9 des bless\u00e9s f\u00eate son deuxi\u00e8me anniversaire\t\t\t<\/span>\n\t<\/a>\n\t<\/h2><\/div>\n<\/article >\n<article  class=\"post-2928 type-post format-standard has-post-thumbnail   listing-item listing-item-thumbnail listing-item-tb-2 main-term-260\">\n<div class=\"item-inner clearfix\">\n\t\t\t<div class=\"featured\">\n\t\t\t\t\t\t<a  title=\"La soci\u00e9t\u00e9 des bless\u00e9s conclut le &#8220;camp m\u00e9dical Al-Samad&#8221; \u00e0 la r\u00e9gion de Zabid\" style=\"background-image: url(https:\/\/www.woundedfoundation.org\/wp-content\/uploads\/2018\/08\/DSC01723.jpg);\"\t\t\t\t\tclass=\"img-holder\" href=\"https:\/\/www.woundedfoundation.org\/?p=2928\"><\/a>\n\t\t\t\t\t<\/div>\n\t<h2 class=\"title\">\t<a class=\"post-url\" href=\"https:\/\/www.woundedfoundation.org\/?p=2928\" title=\"La soci\u00e9t\u00e9 des bless\u00e9s conclut le &#8220;camp m\u00e9dical Al-Samad&#8221; \u00e0 la r\u00e9gion de Zabid\">\n\t\t\t<span class=\"post-title\">\n\t\t\t\tLa soci\u00e9t\u00e9 des bless\u00e9s conclut le &#8220;camp m\u00e9dical&hellip;\t\t\t<\/span>\n\t<\/a>\n\t<\/h2><\/div>\n<\/article >\n\t<\/div>\n\t<\/div><div class=\" bs-listing bs-listing-listing-blog-1 bs-listing-single-tab\">\t\t\t<h3 class=\"section-heading sh-t6 sh-s2 main-term-255\">\n\n\t\t\t\n\t\t\t\t\t\t\t\t\t<a href=\"https:\/\/www.woundedfoundation.org\/?cat=255\" class=\"main-link\">\n\t\t\t\t\t\t\t<span class=\"h-text main-term-255\">\n\t\t\t\t\t\t\t\tHistoire d'un bless\u00e9\t\t\t\t\t\t\t<\/span>\n\t\t\t\t\t<\/a>\n\t\t\t\t\n\t\t\t\n\t\t\t<\/h3>\n\t\t\t\t<div class=\"listing listing-blog listing-blog-5 clearfix columns-1\">\n\t\t<article class=\"post-1709 type-post format-standard has-post-thumbnail   listing-item listing-item-blog  listing-item-blog-5 main-term-255 bsw-7 \">\n\t<div class=\"item-inner clearfix\">\n\n\t\t\t\t\t<div class=\"featured clearfix\">\n\t\t\t\t\t\t\t\t<a  title=\"Rwaida, quelle \u00e9tait sa faute pour perdre sa jambe?\" style=\"background-image: url(https:\/\/www.woundedfoundation.org\/wp-content\/uploads\/2017\/03\/vvv.png);\"\t\t\t\t\t\tclass=\"img-holder\" href=\"https:\/\/www.woundedfoundation.org\/?p=1709\"><\/a>\n\t\t\t\t\t\t\t<\/div>\n\t\t<h2 class=\"title\">\t\t<a href=\"https:\/\/www.woundedfoundation.org\/?p=1709\" class=\"post-title post-url\">\n\t\t\tRwaida, quelle \u00e9tait sa faute pour perdre sa jambe?\t\t<\/a>\n\t\t<\/h2>\t\t<div class=\"post-meta\">\n\n\t\t\t\t\t\t\t<span class=\"time\"><time class=\"post-published updated\"\n\t\t\t\t                         datetime=\"2017-03-10T20:20:57+03:00\">\u0645\u0627\u0631\u0633 10, 2017<\/time><\/span>\n\t\t\t\t\t\t<\/div>\n\t\t\t\t\t<div class=\"post-summary\">\n\t\t\t\tRwaida, 15 ans, l'\u00e2ge de rose, se pr\u00e9parait \u00e0 son mariage; elle r\u00eavait de sa nouvelle maison, de son v\u00eatement tout blanc, de sa beaut\u00e9 parfaite et de sa splendeur.\r\nMais, avant la date de sa f\u00eate, et au lieu d'aller dans sa nouvelle maison,&hellip;\t\t\t\t\t<br><a class=\"read-more\"\n\t\t\t\t\t       href=\"https:\/\/www.woundedfoundation.org\/?p=1709\">Read More...<\/a>\n\t\t\t\t\t\t\t<\/div>\n\t\t\t\t<\/div>\n\t<\/article >\n\t<\/div>\n\t<\/div><div class=\" bs-listing bs-listing-listing-thumbnail-1 bs-listing-single-tab\">\t<div class=\"listing listing-thumbnail listing-tb-1 clearfix columns-3\">\n\t\t<article class=\"post-1575 type-post format-standard has-post-thumbnail   listing-item listing-item-thumbnail listing-item-tb-1 main-term-255\">\n\t<div class=\"item-inner clearfix\">\n\t\t\t\t\t<div class=\"featured\">\n\t\t\t\t<a  title=\"Hamda, la m\u00e8re qui a perdu son mari et ses trois petit-fils\" style=\"background-image: url(https:\/\/www.woundedfoundation.org\/wp-content\/uploads\/2017\/01\/-\u0627\u0644\u062c\u0631\u062d\u0649-e1483899741618.jpg);\"\t\t\t\t\t\tclass=\"img-holder\" href=\"https:\/\/www.woundedfoundation.org\/?p=1575\"><\/a>\n\t\t\t\t\t\t\t<\/div>\n\t\t<h2 class=\"title\">\t\t<a href=\"https:\/\/www.woundedfoundation.org\/?p=1575\" class=\"post-url post-title\">\n\t\t\tHamda, la m\u00e8re qui a perdu son mari et ses trois petit-fils\t\t<\/a>\n\t\t<\/h2>\t\t<div class=\"post-meta\">\n\n\t\t\t\t\t\t\t<span class=\"time\"><time class=\"post-published updated\"\n\t\t\t\t                         datetime=\"2017-02-11T11:04:47+03:00\">\u0641\u0628\u0631\u0627\u064a\u0631 11, 2017<\/time><\/span>\n\t\t\t\t\t\t<\/div>\n\t\t\t<\/div>\n\t<\/article >\n\t<article class=\"post-1573 type-post format-standard has-post-thumbnail   listing-item listing-item-thumbnail listing-item-tb-1 main-term-255\">\n\t<div class=\"item-inner clearfix\">\n\t\t\t\t\t<div class=\"featured\">\n\t\t\t\t<a  title=\"Des rires innocents en agonie de la mort\" style=\"background-image: url(https:\/\/www.woundedfoundation.org\/wp-content\/uploads\/2016\/12\/1431363445.jpeg);\"\t\t\t\t\t\tclass=\"img-holder\" href=\"https:\/\/www.woundedfoundation.org\/?p=1573\"><\/a>\n\t\t\t\t\t\t\t<\/div>\n\t\t<h2 class=\"title\">\t\t<a href=\"https:\/\/www.woundedfoundation.org\/?p=1573\" class=\"post-url post-title\">\n\t\t\tDes rires innocents en agonie de la mort\t\t<\/a>\n\t\t<\/h2>\t\t<div class=\"post-meta\">\n\n\t\t\t\t\t\t\t<span class=\"time\"><time class=\"post-published updated\"\n\t\t\t\t                         datetime=\"2017-02-11T11:01:31+03:00\">\u0641\u0628\u0631\u0627\u064a\u0631 11, 2017<\/time><\/span>\n\t\t\t\t\t\t<\/div>\n\t\t\t<\/div>\n\t<\/article >\n\t<article class=\"post-1571 type-post format-standard has-post-thumbnail   listing-item listing-item-thumbnail listing-item-tb-1 main-term-255\">\n\t<div class=\"item-inner clearfix\">\n\t\t\t\t\t<div class=\"featured\">\n\t\t\t\t<a  title=\"La guerre lui a envol\u00e9 la famille, une jambe et la maison\" style=\"background-image: url(https:\/\/www.woundedfoundation.org\/wp-content\/uploads\/2017\/01\/15571029_1178159405607509_181037753_n.jpg);\"\t\t\t\t\t\tclass=\"img-holder\" href=\"https:\/\/www.woundedfoundation.org\/?p=1571\"><\/a>\n\t\t\t\t\t\t\t<\/div>\n\t\t<h2 class=\"title\">\t\t<a href=\"https:\/\/www.woundedfoundation.org\/?p=1571\" class=\"post-url post-title\">\n\t\t\tLa guerre lui a envol\u00e9 la famille, une jambe et la maison\t\t<\/a>\n\t\t<\/h2>\t\t<div class=\"post-meta\">\n\n\t\t\t\t\t\t\t<span class=\"time\"><time class=\"post-published updated\"\n\t\t\t\t                         datetime=\"2017-02-11T10:59:43+03:00\">\u0641\u0628\u0631\u0627\u064a\u0631 11, 2017<\/time><\/span>\n\t\t\t\t\t\t<\/div>\n\t\t\t<\/div>\n\t<\/article >\n\t<\/div>\n\t<\/div>[\/vc_column][\/vc_row]<\/p>\n","protected":false},"excerpt":{"rendered":"<p>[vc_row][vc_column][\/vc_column][\/vc_row]<\/p>\n","protected":false},"author":2,"featured_media":0,"parent":0,"menu_order":0,"comment_status":"closed","ping_status":"closed","template":"","meta":[],"aioseo_notices":[],"_links":{"self":[{"href":"https:\/\/www.woundedfoundation.org\/index.php?rest_route=\/wp\/v2\/pages\/1512"}],"collection":[{"href":"https:\/\/www.woundedfoundation.org\/index.php?rest_route=\/wp\/v2\/pages"}],"about":[{"href":"https:\/\/www.woundedfoundation.org\/index.php?rest_route=\/wp\/v2\/types\/page"}],"author":[{"embeddable":true,"href":"https:\/\/www.woundedfoundation.org\/index.php?rest_route=\/wp\/v2\/users\/2"}],"replies":[{"embeddable":true,"href":"https:\/\/www.woundedfoundation.org\/index.php?rest_route=%2Fwp%2Fv2%2Fcomments&post=1512"}],"version-history":[{"count":8,"href":"https:\/\/www.woundedfoundation.org\/index.php?rest_route=\/wp\/v2\/pages\/1512\/revisions"}],"predecessor-version":[{"id":3207,"href":"https:\/\/www.woundedfoundation.org\/index.php?rest_route=\/wp\/v2\/pages\/1512\/revisions\/3207"}],"wp:attachment":[{"href":"https:\/\/www.woundedfoundation.org\/index.php?rest_route=%2Fwp%2Fv2%2Fmedia&parent=1512"}],"curies":[{"name":"wp","href":"https:\/\/api.w.org\/{rel}","templated":true}]}}