{"id":1509,"date":"2017-02-07T17:46:37","date_gmt":"2017-02-07T14:46:37","guid":{"rendered":"http:\/\/www.woundedfoundation.org\/?page_id=1509"},"modified":"2017-02-07T17:46:37","modified_gmt":"2017-02-07T14:46:37","slug":"delasociete","status":"publish","type":"page","link":"https:\/\/www.woundedfoundation.org\/?page_id=1509","title":{"rendered":"Delasoci\u00e9t\u00e9"},"content":{"rendered":"<p>Une soci\u00e9t\u00e9 priv\u00e9e non-gouvernementale caritative et sociale ayant la volont\u00e9 de soutenir les bless\u00e9s.<\/p>\n<p>La vision :<\/p>\n<p>Soutenir compl\u00e8tement\u00a0 tous les bless\u00e9s dans le pays<\/p>\n<p>Le message de la soci\u00e9t\u00e9 :<\/p>\n<p>La soci\u00e9t\u00e9 cherche \u00e0 soutenir les bless\u00e9s, elle a foi dans le fait qu&#8217;aucune r\u00e9ussite des objectifs ne se\u00a0 fait qu&#8217;en prodigant les efforts humanitaires, qu&#8217;en sensibilisant les gens sur l&#8217;importance de l&#8217;entraide.<\/p>\n<p>La soci\u00e9t\u00e9 voudrait que la communaut\u00e9 internatiinale et les organisations mindiales respectent et\u00a0 assument leurs reponsabilit\u00e9s\u00a0 .<\/p>\n<p>Les objectifs de la soci\u00e9t\u00e9 :<\/p>\n<p>1- Assister les bless\u00e9s materiellement et moralement<\/p>\n<p>2- Pr\u00e9senter les services m\u00e9dicaux et aider les bless\u00e9s<\/p>\n<p>3- Soutenir les familles et les enfants des bless\u00e9s<\/p>\n<p>4- Fournir les proth\u00e8ses et les membres artificiels pour les bless\u00e9s et les handicap\u00e9s \u00e0 fin de les\u00a0\u00a0\u00a0\u00a0\u00a0\u00a0\u00a0\u00a0\u00a0 r\u00e9habiliter<\/p>\n<p>5- Suivre l&#8217;\u00e9tat des bless\u00e9s chez les autorit\u00e9s consern\u00e9es et en cr\u00e9er une base de donn\u00e9es.<\/p>\n","protected":false},"excerpt":{"rendered":"<p>Une soci\u00e9t\u00e9 priv\u00e9e non-gouvernementale caritative et sociale ayant la volont\u00e9 de soutenir les bless\u00e9s. La vision : Soutenir compl\u00e8tement\u00a0 tous les bless\u00e9s dans le pays Le message de la soci\u00e9t\u00e9 : La soci\u00e9t\u00e9 cherche \u00e0 soutenir les bless\u00e9s, elle a foi dans le fait qu&#8217;aucune r\u00e9ussite des objectifs ne se\u00a0 fait qu&#8217;en prodigant les efforts [&hellip;]<\/p>\n","protected":false},"author":2,"featured_media":0,"parent":0,"menu_order":0,"comment_status":"closed","ping_status":"closed","template":"","meta":[],"aioseo_notices":[],"_links":{"self":[{"href":"https:\/\/www.woundedfoundation.org\/index.php?rest_route=\/wp\/v2\/pages\/1509"}],"collection":[{"href":"https:\/\/www.woundedfoundation.org\/index.php?rest_route=\/wp\/v2\/pages"}],"about":[{"href":"https:\/\/www.woundedfoundation.org\/index.php?rest_route=\/wp\/v2\/types\/page"}],"author":[{"embeddable":true,"href":"https:\/\/www.woundedfoundation.org\/index.php?rest_route=\/wp\/v2\/users\/2"}],"replies":[{"embeddable":true,"href":"https:\/\/www.woundedfoundation.org\/index.php?rest_route=%2Fwp%2Fv2%2Fcomments&post=1509"}],"version-history":[{"count":1,"href":"https:\/\/www.woundedfoundation.org\/index.php?rest_route=\/wp\/v2\/pages\/1509\/revisions"}],"predecessor-version":[{"id":1511,"href":"https:\/\/www.woundedfoundation.org\/index.php?rest_route=\/wp\/v2\/pages\/1509\/revisions\/1511"}],"wp:attachment":[{"href":"https:\/\/www.woundedfoundation.org\/index.php?rest_route=%2Fwp%2Fv2%2Fmedia&parent=1509"}],"curies":[{"name":"wp","href":"https:\/\/api.w.org\/{rel}","templated":true}]}}