{"id":1506,"date":"2017-02-07T17:45:21","date_gmt":"2017-02-07T14:45:21","guid":{"rendered":"http:\/\/www.woundedfoundation.org\/?page_id=1506"},"modified":"2017-04-05T10:34:48","modified_gmt":"2017-04-05T07:34:48","slug":"programme-dassister-les-handicapes","status":"publish","type":"page","link":"https:\/\/www.woundedfoundation.org\/?page_id=1506","title":{"rendered":"Programme d\u2019assister les handicap\u00e9s"},"content":{"rendered":"<p dir=\"ltr\">Le travail de ce programme est represent\u00e9 par le fait de recenser les handicap\u00e9s, diagnostiquer les cas et ramasser les d\u00e9tails n\u00e9cessaires \u00e0 fin de d\u00e9finir les dispositifs de r\u00e9habiliter le handicap\u00e9 physiquement et psychologiquement et coordonner avec les c\u00f4t\u00e9s en la mati\u00e8re.<\/p>\n<div class=\"better-gallery-container\"><div id=\"gallery-207123435\" class=\"better-gallery  better-gallery-img-publisher-lg\" data-gallery-id=\"207123435\">\n                <div class=\"gallery-title clearfix\">\n                    <h3 class=\"main-title\">Programme d\u2019assister les handicap\u00e9s<\/h3>\n                    <span class=\"prev\"><i class=\"fa fa-angle-right\"><\/i> Prev<\/span>\n                    <span class=\"count\"><i class=\"current\">1<\/i> of <i class=\"total\">3<\/i><\/span>\n                    <span class=\"next\">Next <i class=\"fa fa-angle-left\"><\/i><\/span>\n                <\/div>\n                <div class=\"fotorama\" data-nav=\"thumbs\" data-auto=\"false\" data-ratio=\"16\/7\"><div data-thumb=\"https:\/\/www.woundedfoundation.org\/wp-content\/uploads\/2016\/12\/15310649_1167391653350951_2102135668_n-1-1-150x150.jpg\">\n                        <a href=\"https:\/\/www.woundedfoundation.org\/wp-content\/uploads\/2016\/12\/15310649_1167391653350951_2102135668_n-1-1.jpg\" class=\"slide-link\" data-not-rel=\"true\">\n                            <img  data-id=\"778\" src=\"https:\/\/www.woundedfoundation.org\/wp-content\/uploads\/2016\/12\/15310649_1167391653350951_2102135668_n-1-1.jpg\">\n                        <\/a>\n                    <div class=\"slide-title-wrap\"><\/div><\/div><div data-thumb=\"https:\/\/www.woundedfoundation.org\/wp-content\/uploads\/2016\/12\/XVMef1ed57c-f5cc-11e5-b154-bf2ad12f46c8-150x150.jpg\">\n                        <a href=\"https:\/\/www.woundedfoundation.org\/wp-content\/uploads\/2016\/12\/XVMef1ed57c-f5cc-11e5-b154-bf2ad12f46c8.jpg\" class=\"slide-link\" data-not-rel=\"true\">\n                            <img  data-id=\"583\" src=\"https:\/\/www.woundedfoundation.org\/wp-content\/uploads\/2016\/12\/XVMef1ed57c-f5cc-11e5-b154-bf2ad12f46c8.jpg\">\n                        <\/a>\n                    <div class=\"slide-title-wrap\"><\/div><\/div><div data-thumb=\"https:\/\/www.woundedfoundation.org\/wp-content\/uploads\/2016\/12\/x-294x300-1-150x150.jpg\">\n                        <a href=\"https:\/\/www.woundedfoundation.org\/wp-content\/uploads\/2016\/12\/x-294x300-1.jpg\" class=\"slide-link\" data-not-rel=\"true\">\n                            <img  data-id=\"758\" src=\"https:\/\/www.woundedfoundation.org\/wp-content\/uploads\/2016\/12\/x-294x300-1.jpg\">\n                        <\/a>\n                    <div class=\"slide-title-wrap\"><\/div><\/div><\/div><\/div><script>var prt_gal_img_207123435 = [\"https:\\\/\\\/www.woundedfoundation.org\\\/wp-content\\\/uploads\\\/2016\\\/12\\\/15310649_1167391653350951_2102135668_n-1-1.jpg\",\"https:\\\/\\\/www.woundedfoundation.org\\\/wp-content\\\/uploads\\\/2016\\\/12\\\/XVMef1ed57c-f5cc-11e5-b154-bf2ad12f46c8.jpg\",\"https:\\\/\\\/www.woundedfoundation.org\\\/wp-content\\\/uploads\\\/2016\\\/12\\\/x-294x300-1.jpg\"]; var prt_gal_cap_207123435 = [\"\",\"\",\"\"]; <\/script><\/div>\n","protected":false},"excerpt":{"rendered":"<p>Le travail de ce programme est represent\u00e9 par le fait de recenser les handicap\u00e9s, diagnostiquer les cas et ramasser les d\u00e9tails n\u00e9cessaires \u00e0 fin de d\u00e9finir les dispositifs de r\u00e9habiliter le handicap\u00e9 physiquement et psychologiquement et coordonner avec les c\u00f4t\u00e9s en la mati\u00e8re.<\/p>\n","protected":false},"author":2,"featured_media":0,"parent":0,"menu_order":0,"comment_status":"closed","ping_status":"closed","template":"","meta":[],"aioseo_notices":[],"_links":{"self":[{"href":"https:\/\/www.woundedfoundation.org\/index.php?rest_route=\/wp\/v2\/pages\/1506"}],"collection":[{"href":"https:\/\/www.woundedfoundation.org\/index.php?rest_route=\/wp\/v2\/pages"}],"about":[{"href":"https:\/\/www.woundedfoundation.org\/index.php?rest_route=\/wp\/v2\/types\/page"}],"author":[{"embeddable":true,"href":"https:\/\/www.woundedfoundation.org\/index.php?rest_route=\/wp\/v2\/users\/2"}],"replies":[{"embeddable":true,"href":"https:\/\/www.woundedfoundation.org\/index.php?rest_route=%2Fwp%2Fv2%2Fcomments&post=1506"}],"version-history":[{"count":3,"href":"https:\/\/www.woundedfoundation.org\/index.php?rest_route=\/wp\/v2\/pages\/1506\/revisions"}],"predecessor-version":[{"id":1821,"href":"https:\/\/www.woundedfoundation.org\/index.php?rest_route=\/wp\/v2\/pages\/1506\/revisions\/1821"}],"wp:attachment":[{"href":"https:\/\/www.woundedfoundation.org\/index.php?rest_route=%2Fwp%2Fv2%2Fmedia&parent=1506"}],"curies":[{"name":"wp","href":"https:\/\/api.w.org\/{rel}","templated":true}]}}