{"id":1503,"date":"2017-02-07T17:44:09","date_gmt":"2017-02-07T14:44:09","guid":{"rendered":"http:\/\/www.woundedfoundation.org\/?page_id=1503"},"modified":"2017-04-05T10:54:44","modified_gmt":"2017-04-05T07:54:44","slug":"programme-dhopitaux","status":"publish","type":"page","link":"https:\/\/www.woundedfoundation.org\/?page_id=1503","title":{"rendered":"Programme d&#8217;h\u00f4pitaux"},"content":{"rendered":"<p dir=\"ltr\">Ce programme assume la responsabilit\u00e9 d&#8217; \u00e9vacuer les bless\u00e9s sur place, de suivre leurs \u00e9tats et de fournir toutes les n\u00e9cessit\u00e9s dont les plaques \u2026 etc, \u00e0 travers plus de 300 volontaires d\u00e9ploy\u00e9s dans la plupart des villes y\u00e9m\u00e9nites.<\/p>\n<div class=\"better-gallery-container\"><div id=\"gallery-452420542\" class=\"better-gallery  better-gallery-img-publisher-lg\" data-gallery-id=\"452420542\">\n                <div class=\"gallery-title clearfix\">\n                    <h3 class=\"main-title\">Programme d&#8217;h\u00f4pitaux<\/h3>\n                    <span class=\"prev\"><i class=\"fa fa-angle-right\"><\/i> Prev<\/span>\n                    <span class=\"count\"><i class=\"current\">1<\/i> of <i class=\"total\">4<\/i><\/span>\n                    <span class=\"next\">Next <i class=\"fa fa-angle-left\"><\/i><\/span>\n                <\/div>\n                <div class=\"fotorama\" data-nav=\"thumbs\" data-auto=\"false\" data-ratio=\"16\/7\"><div data-thumb=\"https:\/\/www.woundedfoundation.org\/wp-content\/uploads\/2016\/12\/imgid225390-150x150.jpg\">\n                        <a href=\"https:\/\/www.woundedfoundation.org\/wp-content\/uploads\/2016\/12\/imgid225390.jpg\" class=\"slide-link\" data-not-rel=\"true\">\n                            <img  data-id=\"557\" src=\"https:\/\/www.woundedfoundation.org\/wp-content\/uploads\/2016\/12\/imgid225390.jpg\">\n                        <\/a>\n                    <div class=\"slide-title-wrap\"><\/div><\/div><div data-thumb=\"https:\/\/www.woundedfoundation.org\/wp-content\/uploads\/2016\/12\/04_Yemen-AdamBailes003-150x150.jpg\">\n                        <a href=\"https:\/\/www.woundedfoundation.org\/wp-content\/uploads\/2016\/12\/04_Yemen-AdamBailes003.jpg\" class=\"slide-link\" data-not-rel=\"true\">\n                            <img  data-id=\"560\" src=\"https:\/\/www.woundedfoundation.org\/wp-content\/uploads\/2016\/12\/04_Yemen-AdamBailes003.jpg\">\n                        <\/a>\n                    <div class=\"slide-title-wrap\"><\/div><\/div><div data-thumb=\"https:\/\/www.woundedfoundation.org\/wp-content\/uploads\/2016\/12\/1A0A0285-150x150.jpg\">\n                        <a href=\"https:\/\/www.woundedfoundation.org\/wp-content\/uploads\/2016\/12\/1A0A0285.jpg\" class=\"slide-link\" data-not-rel=\"true\">\n                            <img  data-id=\"559\" src=\"https:\/\/www.woundedfoundation.org\/wp-content\/uploads\/2016\/12\/1A0A0285.jpg\">\n                        <\/a>\n                    <div class=\"slide-title-wrap\"><\/div><\/div><div data-thumb=\"https:\/\/www.woundedfoundation.org\/wp-content\/uploads\/2016\/12\/DSC03910-150x150.jpg\">\n                        <a href=\"https:\/\/www.woundedfoundation.org\/wp-content\/uploads\/2016\/12\/DSC03910.jpg\" class=\"slide-link\" data-not-rel=\"true\">\n                            <img  data-id=\"561\" src=\"https:\/\/www.woundedfoundation.org\/wp-content\/uploads\/2016\/12\/DSC03910.jpg\">\n                        <\/a>\n                    <div class=\"slide-title-wrap\"><\/div><\/div><\/div><\/div><script>var prt_gal_img_452420542 = [\"https:\\\/\\\/www.woundedfoundation.org\\\/wp-content\\\/uploads\\\/2016\\\/12\\\/imgid225390.jpg\",\"https:\\\/\\\/www.woundedfoundation.org\\\/wp-content\\\/uploads\\\/2016\\\/12\\\/04_Yemen-AdamBailes003.jpg\",\"https:\\\/\\\/www.woundedfoundation.org\\\/wp-content\\\/uploads\\\/2016\\\/12\\\/1A0A0285.jpg\",\"https:\\\/\\\/www.woundedfoundation.org\\\/wp-content\\\/uploads\\\/2016\\\/12\\\/DSC03910.jpg\"]; var prt_gal_cap_452420542 = [\"\",\"\",\"\",\"\"]; <\/script><\/div>\n","protected":false},"excerpt":{"rendered":"<p>Ce programme assume la responsabilit\u00e9 d&#8217; \u00e9vacuer les bless\u00e9s sur place, de suivre leurs \u00e9tats et de fournir toutes les n\u00e9cessit\u00e9s dont les plaques \u2026 etc, \u00e0 travers plus de 300 volontaires d\u00e9ploy\u00e9s dans la plupart des villes y\u00e9m\u00e9nites.<\/p>\n","protected":false},"author":2,"featured_media":0,"parent":0,"menu_order":0,"comment_status":"closed","ping_status":"closed","template":"","meta":[],"aioseo_notices":[],"_links":{"self":[{"href":"https:\/\/www.woundedfoundation.org\/index.php?rest_route=\/wp\/v2\/pages\/1503"}],"collection":[{"href":"https:\/\/www.woundedfoundation.org\/index.php?rest_route=\/wp\/v2\/pages"}],"about":[{"href":"https:\/\/www.woundedfoundation.org\/index.php?rest_route=\/wp\/v2\/types\/page"}],"author":[{"embeddable":true,"href":"https:\/\/www.woundedfoundation.org\/index.php?rest_route=\/wp\/v2\/users\/2"}],"replies":[{"embeddable":true,"href":"https:\/\/www.woundedfoundation.org\/index.php?rest_route=%2Fwp%2Fv2%2Fcomments&post=1503"}],"version-history":[{"count":3,"href":"https:\/\/www.woundedfoundation.org\/index.php?rest_route=\/wp\/v2\/pages\/1503\/revisions"}],"predecessor-version":[{"id":1823,"href":"https:\/\/www.woundedfoundation.org\/index.php?rest_route=\/wp\/v2\/pages\/1503\/revisions\/1823"}],"wp:attachment":[{"href":"https:\/\/www.woundedfoundation.org\/index.php?rest_route=%2Fwp%2Fv2%2Fmedia&parent=1503"}],"curies":[{"name":"wp","href":"https:\/\/api.w.org\/{rel}","templated":true}]}}