{"id":1500,"date":"2017-02-07T17:43:05","date_gmt":"2017-02-07T14:43:05","guid":{"rendered":"http:\/\/www.woundedfoundation.org\/?page_id=1500"},"modified":"2017-04-05T10:59:49","modified_gmt":"2017-04-05T07:59:49","slug":"programme-de-fournir-les-medicaments","status":"publish","type":"page","link":"https:\/\/www.woundedfoundation.org\/?page_id=1500","title":{"rendered":"Programme de fournir les m\u00e9dicaments"},"content":{"rendered":"<p dir=\"ltr\">Dans l&#8217;ombre de la hausse des prix des m\u00e9dicaments et l&#8217;absence d&#8217;autres m\u00e9dicaments, le programme est charg\u00e9 de fournir touts les m\u00e9dicaments, \u00e0 travers une \u00e9quipes sp\u00e9ciale de pharmaciens, non seulement pour les bless\u00e9s mais aussi pour les h\u00f4pitaux et les centres m\u00e9dicaux qui s&#8217; occuppent des d\u00e9plac\u00e9s.<\/p>\n<div class=\"better-gallery-container\"><div id=\"gallery-1448070703\" class=\"better-gallery  better-gallery-img-publisher-lg\" data-gallery-id=\"1448070703\">\n                <div class=\"gallery-title clearfix\">\n                    <h3 class=\"main-title\">Programme de fournir les m\u00e9dicaments<\/h3>\n                    <span class=\"prev\"><i class=\"fa fa-angle-right\"><\/i> Prev<\/span>\n                    <span class=\"count\"><i class=\"current\">1<\/i> of <i class=\"total\">3<\/i><\/span>\n                    <span class=\"next\">Next <i class=\"fa fa-angle-left\"><\/i><\/span>\n                <\/div>\n                <div class=\"fotorama\" data-nav=\"thumbs\" data-auto=\"false\" data-ratio=\"16\/7\"><div data-thumb=\"https:\/\/www.woundedfoundation.org\/wp-content\/uploads\/2016\/12\/00095045-150x150.jpg\">\n                        <a href=\"https:\/\/www.woundedfoundation.org\/wp-content\/uploads\/2016\/12\/00095045.jpg\" class=\"slide-link\" data-not-rel=\"true\">\n                            <img  data-id=\"564\" src=\"https:\/\/www.woundedfoundation.org\/wp-content\/uploads\/2016\/12\/00095045.jpg\">\n                        <\/a>\n                    <div class=\"slide-title-wrap\"><\/div><\/div><div data-thumb=\"https:\/\/www.woundedfoundation.org\/wp-content\/uploads\/2016\/12\/DSC00022-150x150.jpg\">\n                        <a href=\"https:\/\/www.woundedfoundation.org\/wp-content\/uploads\/2016\/12\/DSC00022.jpg\" class=\"slide-link\" data-not-rel=\"true\">\n                            <img  data-id=\"565\" src=\"https:\/\/www.woundedfoundation.org\/wp-content\/uploads\/2016\/12\/DSC00022.jpg\">\n                        <\/a>\n                    <div class=\"slide-title-wrap\"><\/div><\/div><div data-thumb=\"https:\/\/www.woundedfoundation.org\/wp-content\/uploads\/2016\/12\/000880852-150x150.jpg\">\n                        <a href=\"https:\/\/www.woundedfoundation.org\/wp-content\/uploads\/2016\/12\/000880852.jpg\" class=\"slide-link\" data-not-rel=\"true\">\n                            <img  data-id=\"566\" src=\"https:\/\/www.woundedfoundation.org\/wp-content\/uploads\/2016\/12\/000880852.jpg\">\n                        <\/a>\n                    <div class=\"slide-title-wrap\"><\/div><\/div><\/div><\/div><script>var prt_gal_img_1448070703 = [\"https:\\\/\\\/www.woundedfoundation.org\\\/wp-content\\\/uploads\\\/2016\\\/12\\\/00095045.jpg\",\"https:\\\/\\\/www.woundedfoundation.org\\\/wp-content\\\/uploads\\\/2016\\\/12\\\/DSC00022.jpg\",\"https:\\\/\\\/www.woundedfoundation.org\\\/wp-content\\\/uploads\\\/2016\\\/12\\\/000880852.jpg\"]; var prt_gal_cap_1448070703 = [\"\",\"\",\"\"]; <\/script><\/div>\n","protected":false},"excerpt":{"rendered":"<p>Dans l&#8217;ombre de la hausse des prix des m\u00e9dicaments et l&#8217;absence d&#8217;autres m\u00e9dicaments, le programme est charg\u00e9 de fournir touts les m\u00e9dicaments, \u00e0 travers une \u00e9quipes sp\u00e9ciale de pharmaciens, non seulement pour les bless\u00e9s mais aussi pour les h\u00f4pitaux et les centres m\u00e9dicaux qui s&#8217; occuppent des d\u00e9plac\u00e9s.<\/p>\n","protected":false},"author":2,"featured_media":0,"parent":0,"menu_order":0,"comment_status":"closed","ping_status":"closed","template":"","meta":[],"aioseo_notices":[],"_links":{"self":[{"href":"https:\/\/www.woundedfoundation.org\/index.php?rest_route=\/wp\/v2\/pages\/1500"}],"collection":[{"href":"https:\/\/www.woundedfoundation.org\/index.php?rest_route=\/wp\/v2\/pages"}],"about":[{"href":"https:\/\/www.woundedfoundation.org\/index.php?rest_route=\/wp\/v2\/types\/page"}],"author":[{"embeddable":true,"href":"https:\/\/www.woundedfoundation.org\/index.php?rest_route=\/wp\/v2\/users\/2"}],"replies":[{"embeddable":true,"href":"https:\/\/www.woundedfoundation.org\/index.php?rest_route=%2Fwp%2Fv2%2Fcomments&post=1500"}],"version-history":[{"count":3,"href":"https:\/\/www.woundedfoundation.org\/index.php?rest_route=\/wp\/v2\/pages\/1500\/revisions"}],"predecessor-version":[{"id":1825,"href":"https:\/\/www.woundedfoundation.org\/index.php?rest_route=\/wp\/v2\/pages\/1500\/revisions\/1825"}],"wp:attachment":[{"href":"https:\/\/www.woundedfoundation.org\/index.php?rest_route=%2Fwp%2Fv2%2Fmedia&parent=1500"}],"curies":[{"name":"wp","href":"https:\/\/api.w.org\/{rel}","templated":true}]}}