{"id":1461,"date":"2017-02-04T23:37:33","date_gmt":"2017-02-04T20:37:33","guid":{"rendered":"http:\/\/www.woundedfoundation.org\/?page_id=1461"},"modified":"2017-02-04T23:37:33","modified_gmt":"2017-02-04T20:37:33","slug":"v-uber-die-ik","status":"publish","type":"page","link":"https:\/\/www.woundedfoundation.org\/?page_id=1461","title":{"rendered":"v \u00dcber die IK"},"content":{"rendered":"<h1>v \u00dcber die IK:<\/h1>\n<p>Sie ist ein gesellschaftlicher , nicht staatlicher\u00a0 Wohlt\u00e4tigkeitsverein.\u00a0 Sie k\u00fcmmert sich um die Kriegsverletzten.<\/p>\n<h2>1.\u00a0\u00a0\u00a0\u00a0 Die Vision<\/h2>\n<p>Volle F\u00fcrsorge aller Verletzten im Jemen.<\/p>\n<h2>2.\u00a0\u00a0\u00a0\u00a0 Die Mission<\/h2>\n<p>Die IK strebt nach einer vollen Pflege f\u00fcr Kinder, Frauen und M\u00e4nner. Sie glaubt, dass dies nur durch eine gro\u00dfartige andauernde menschliche Leistung,\u00a0 erreicht werden kann.<\/p>\n<h2>3.\u00a0\u00a0\u00a0\u00a0 Die Ziele<\/h2>\n<ol>\n<li>Erbringen einer finanziellen oder sachlichen Hilfe<\/li>\n<li>Verrichtung der medizinischen und arzneilichen Dienste<\/li>\n<li>Versorgung der Familien der Verletzten<\/li>\n<li>Anschaffen der Prothesen f\u00fcr die Menschen mit Behinderung und ihre Rehabilitation.<\/li>\n<li>Beaufsichtigen und Dokumentation des Gesundheitszustands der Verletzten bei den offiziellen Stellen<\/li>\n<\/ol>\n","protected":false},"excerpt":{"rendered":"<p>v \u00dcber die IK: Sie ist ein gesellschaftlicher , nicht staatlicher\u00a0 Wohlt\u00e4tigkeitsverein.\u00a0 Sie k\u00fcmmert sich um die Kriegsverletzten. 1.\u00a0\u00a0\u00a0\u00a0 Die Vision Volle F\u00fcrsorge aller Verletzten im Jemen. 2.\u00a0\u00a0\u00a0\u00a0 Die Mission Die IK strebt nach einer vollen Pflege f\u00fcr Kinder, Frauen und M\u00e4nner. Sie glaubt, dass dies nur durch eine gro\u00dfartige andauernde menschliche Leistung,\u00a0 erreicht werden [&hellip;]<\/p>\n","protected":false},"author":2,"featured_media":0,"parent":0,"menu_order":0,"comment_status":"closed","ping_status":"closed","template":"","meta":[],"aioseo_notices":[],"_links":{"self":[{"href":"https:\/\/www.woundedfoundation.org\/index.php?rest_route=\/wp\/v2\/pages\/1461"}],"collection":[{"href":"https:\/\/www.woundedfoundation.org\/index.php?rest_route=\/wp\/v2\/pages"}],"about":[{"href":"https:\/\/www.woundedfoundation.org\/index.php?rest_route=\/wp\/v2\/types\/page"}],"author":[{"embeddable":true,"href":"https:\/\/www.woundedfoundation.org\/index.php?rest_route=\/wp\/v2\/users\/2"}],"replies":[{"embeddable":true,"href":"https:\/\/www.woundedfoundation.org\/index.php?rest_route=%2Fwp%2Fv2%2Fcomments&post=1461"}],"version-history":[{"count":2,"href":"https:\/\/www.woundedfoundation.org\/index.php?rest_route=\/wp\/v2\/pages\/1461\/revisions"}],"predecessor-version":[{"id":1463,"href":"https:\/\/www.woundedfoundation.org\/index.php?rest_route=\/wp\/v2\/pages\/1461\/revisions\/1463"}],"wp:attachment":[{"href":"https:\/\/www.woundedfoundation.org\/index.php?rest_route=%2Fwp%2Fv2%2Fmedia&parent=1461"}],"curies":[{"name":"wp","href":"https:\/\/api.w.org\/{rel}","templated":true}]}}