{"id":1456,"date":"2017-02-04T23:35:17","date_gmt":"2017-02-04T20:35:17","guid":{"rendered":"http:\/\/www.woundedfoundation.org\/?page_id=1456"},"modified":"2017-04-05T14:53:35","modified_gmt":"2017-04-05T11:53:35","slug":"programm-fur-menschen-mit-behinderung","status":"publish","type":"page","link":"https:\/\/www.woundedfoundation.org\/?page_id=1456","title":{"rendered":"Programm f\u00fcr Menschen mit Behinderung"},"content":{"rendered":"<p dir=\"ltr\">Die Arten von Behinderungen und die wichtigen Informationen von den Betroffenen sind wichtig f\u00fcr die Auswahl von richtigen Behandlungen. Sie werden auch rehabilitiert und k\u00f6rperlich bzw. psychisch unterst\u00fctzt, damit sie wieder in die Gesellschaft wieder aufgenommen werden k\u00f6nnen.<\/p>\n<div class=\"better-gallery-container\"><div id=\"gallery-332422266\" class=\"better-gallery  better-gallery-img-publisher-lg\" data-gallery-id=\"332422266\">\n                <div class=\"gallery-title clearfix\">\n                    <h3 class=\"main-title\">Programm f\u00fcr Menschen mit Behinderung<\/h3>\n                    <span class=\"prev\"><i class=\"fa fa-angle-right\"><\/i> Prev<\/span>\n                    <span class=\"count\"><i class=\"current\">1<\/i> of <i class=\"total\">3<\/i><\/span>\n                    <span class=\"next\">Next <i class=\"fa fa-angle-left\"><\/i><\/span>\n                <\/div>\n                <div class=\"fotorama\" data-nav=\"thumbs\" data-auto=\"false\" data-ratio=\"16\/7\"><div data-thumb=\"https:\/\/www.woundedfoundation.org\/wp-content\/uploads\/2016\/12\/x-150x150.jpg\">\n                        <a href=\"https:\/\/www.woundedfoundation.org\/wp-content\/uploads\/2016\/12\/x.jpg\" class=\"slide-link\" data-not-rel=\"true\">\n                            <img  data-id=\"629\" src=\"https:\/\/www.woundedfoundation.org\/wp-content\/uploads\/2016\/12\/x.jpg\">\n                        <\/a>\n                    <div class=\"slide-title-wrap\"><\/div><\/div><div data-thumb=\"https:\/\/www.woundedfoundation.org\/wp-content\/uploads\/2016\/12\/XVMef1ed57c-f5cc-11e5-b154-bf2ad12f46c8-150x150.jpg\">\n                        <a href=\"https:\/\/www.woundedfoundation.org\/wp-content\/uploads\/2016\/12\/XVMef1ed57c-f5cc-11e5-b154-bf2ad12f46c8.jpg\" class=\"slide-link\" data-not-rel=\"true\">\n                            <img  data-id=\"583\" src=\"https:\/\/www.woundedfoundation.org\/wp-content\/uploads\/2016\/12\/XVMef1ed57c-f5cc-11e5-b154-bf2ad12f46c8.jpg\">\n                        <\/a>\n                    <div class=\"slide-title-wrap\"><\/div><\/div><div data-thumb=\"https:\/\/www.woundedfoundation.org\/wp-content\/uploads\/2016\/12\/15310649_1167391653350951_2102135668_n-1-150x150.jpg\">\n                        <a href=\"https:\/\/www.woundedfoundation.org\/wp-content\/uploads\/2016\/12\/15310649_1167391653350951_2102135668_n-1.jpg\" class=\"slide-link\" data-not-rel=\"true\">\n                            <img  data-id=\"594\" src=\"https:\/\/www.woundedfoundation.org\/wp-content\/uploads\/2016\/12\/15310649_1167391653350951_2102135668_n-1.jpg\">\n                        <\/a>\n                    <div class=\"slide-title-wrap\"><\/div><\/div><\/div><\/div><script>var prt_gal_img_332422266 = [\"https:\\\/\\\/www.woundedfoundation.org\\\/wp-content\\\/uploads\\\/2016\\\/12\\\/x.jpg\",\"https:\\\/\\\/www.woundedfoundation.org\\\/wp-content\\\/uploads\\\/2016\\\/12\\\/XVMef1ed57c-f5cc-11e5-b154-bf2ad12f46c8.jpg\",\"https:\\\/\\\/www.woundedfoundation.org\\\/wp-content\\\/uploads\\\/2016\\\/12\\\/15310649_1167391653350951_2102135668_n-1.jpg\"]; var prt_gal_cap_332422266 = [\"\",\"\",\"\"]; <\/script><\/div>\n","protected":false},"excerpt":{"rendered":"<p>Die Arten von Behinderungen und die wichtigen Informationen von den Betroffenen sind wichtig f\u00fcr die Auswahl von richtigen Behandlungen. Sie werden auch rehabilitiert und k\u00f6rperlich bzw. psychisch unterst\u00fctzt, damit sie wieder in die Gesellschaft wieder aufgenommen werden k\u00f6nnen.<\/p>\n","protected":false},"author":2,"featured_media":0,"parent":0,"menu_order":0,"comment_status":"closed","ping_status":"closed","template":"","meta":[],"aioseo_notices":[],"_links":{"self":[{"href":"https:\/\/www.woundedfoundation.org\/index.php?rest_route=\/wp\/v2\/pages\/1456"}],"collection":[{"href":"https:\/\/www.woundedfoundation.org\/index.php?rest_route=\/wp\/v2\/pages"}],"about":[{"href":"https:\/\/www.woundedfoundation.org\/index.php?rest_route=\/wp\/v2\/types\/page"}],"author":[{"embeddable":true,"href":"https:\/\/www.woundedfoundation.org\/index.php?rest_route=\/wp\/v2\/users\/2"}],"replies":[{"embeddable":true,"href":"https:\/\/www.woundedfoundation.org\/index.php?rest_route=%2Fwp%2Fv2%2Fcomments&post=1456"}],"version-history":[{"count":3,"href":"https:\/\/www.woundedfoundation.org\/index.php?rest_route=\/wp\/v2\/pages\/1456\/revisions"}],"predecessor-version":[{"id":1861,"href":"https:\/\/www.woundedfoundation.org\/index.php?rest_route=\/wp\/v2\/pages\/1456\/revisions\/1861"}],"wp:attachment":[{"href":"https:\/\/www.woundedfoundation.org\/index.php?rest_route=%2Fwp%2Fv2%2Fmedia&parent=1456"}],"curies":[{"name":"wp","href":"https:\/\/api.w.org\/{rel}","templated":true}]}}