{"id":1454,"date":"2017-02-04T23:34:34","date_gmt":"2017-02-04T20:34:34","guid":{"rendered":"http:\/\/www.woundedfoundation.org\/?page_id=1454"},"modified":"2017-04-05T15:12:43","modified_gmt":"2017-04-05T12:12:43","slug":"krankenhausprogramm","status":"publish","type":"page","link":"https:\/\/www.woundedfoundation.org\/?page_id=1454","title":{"rendered":"Krankenhausprogramm"},"content":{"rendered":"<p dir=\"ltr\">Dieses Programm besch\u00e4ftigt sich mit dem Bringen von Verletzten in die Krankenh\u00e4user, der\u00a0 Durchf\u00fchrung von \u00e4rztlichen Untersuchungen und der Beschaffung von erforderlichen medizinischen Ausr\u00fcstungen. Ihre Freiwillgen beaufsichtigen alles in diesem Bereich im ganzen Land.<\/p>\n<div class=\"better-gallery-container\"><div id=\"gallery-2094211819\" class=\"better-gallery  better-gallery-img-publisher-lg\" data-gallery-id=\"2094211819\">\n                <div class=\"gallery-title clearfix\">\n                    <h3 class=\"main-title\">Krankenhausprogramm<\/h3>\n                    <span class=\"prev\"><i class=\"fa fa-angle-right\"><\/i> Prev<\/span>\n                    <span class=\"count\"><i class=\"current\">1<\/i> of <i class=\"total\">5<\/i><\/span>\n                    <span class=\"next\">Next <i class=\"fa fa-angle-left\"><\/i><\/span>\n                <\/div>\n                <div class=\"fotorama\" data-nav=\"thumbs\" data-auto=\"false\" data-ratio=\"16\/7\"><div data-thumb=\"https:\/\/www.woundedfoundation.org\/wp-content\/uploads\/2016\/12\/imgid225390-150x150.jpg\">\n                        <a href=\"https:\/\/www.woundedfoundation.org\/wp-content\/uploads\/2016\/12\/imgid225390.jpg\" class=\"slide-link\" data-not-rel=\"true\">\n                            <img  data-id=\"557\" src=\"https:\/\/www.woundedfoundation.org\/wp-content\/uploads\/2016\/12\/imgid225390.jpg\">\n                        <\/a>\n                    <div class=\"slide-title-wrap\"><\/div><\/div><div data-thumb=\"https:\/\/www.woundedfoundation.org\/wp-content\/uploads\/2016\/12\/15310649_1167391653350951_2102135668_n-150x150.jpg\">\n                        <a href=\"https:\/\/www.woundedfoundation.org\/wp-content\/uploads\/2016\/12\/15310649_1167391653350951_2102135668_n.jpg\" class=\"slide-link\" data-not-rel=\"true\">\n                            <img  data-id=\"558\" src=\"https:\/\/www.woundedfoundation.org\/wp-content\/uploads\/2016\/12\/15310649_1167391653350951_2102135668_n.jpg\">\n                        <\/a>\n                    <div class=\"slide-title-wrap\"><\/div><\/div><div data-thumb=\"https:\/\/www.woundedfoundation.org\/wp-content\/uploads\/2016\/12\/1A0A0285-150x150.jpg\">\n                        <a href=\"https:\/\/www.woundedfoundation.org\/wp-content\/uploads\/2016\/12\/1A0A0285.jpg\" class=\"slide-link\" data-not-rel=\"true\">\n                            <img  data-id=\"559\" src=\"https:\/\/www.woundedfoundation.org\/wp-content\/uploads\/2016\/12\/1A0A0285.jpg\">\n                        <\/a>\n                    <div class=\"slide-title-wrap\"><\/div><\/div><div data-thumb=\"https:\/\/www.woundedfoundation.org\/wp-content\/uploads\/2016\/12\/04_Yemen-AdamBailes003-150x150.jpg\">\n                        <a href=\"https:\/\/www.woundedfoundation.org\/wp-content\/uploads\/2016\/12\/04_Yemen-AdamBailes003.jpg\" class=\"slide-link\" data-not-rel=\"true\">\n                            <img  data-id=\"560\" src=\"https:\/\/www.woundedfoundation.org\/wp-content\/uploads\/2016\/12\/04_Yemen-AdamBailes003.jpg\">\n                        <\/a>\n                    <div class=\"slide-title-wrap\"><\/div><\/div><div data-thumb=\"https:\/\/www.woundedfoundation.org\/wp-content\/uploads\/2016\/12\/DSC03910-150x150.jpg\">\n                        <a href=\"https:\/\/www.woundedfoundation.org\/wp-content\/uploads\/2016\/12\/DSC03910.jpg\" class=\"slide-link\" data-not-rel=\"true\">\n                            <img  data-id=\"561\" src=\"https:\/\/www.woundedfoundation.org\/wp-content\/uploads\/2016\/12\/DSC03910.jpg\">\n                        <\/a>\n                    <div class=\"slide-title-wrap\"><\/div><\/div><\/div><\/div><script>var prt_gal_img_2094211819 = [\"https:\\\/\\\/www.woundedfoundation.org\\\/wp-content\\\/uploads\\\/2016\\\/12\\\/imgid225390.jpg\",\"https:\\\/\\\/www.woundedfoundation.org\\\/wp-content\\\/uploads\\\/2016\\\/12\\\/15310649_1167391653350951_2102135668_n.jpg\",\"https:\\\/\\\/www.woundedfoundation.org\\\/wp-content\\\/uploads\\\/2016\\\/12\\\/1A0A0285.jpg\",\"https:\\\/\\\/www.woundedfoundation.org\\\/wp-content\\\/uploads\\\/2016\\\/12\\\/04_Yemen-AdamBailes003.jpg\",\"https:\\\/\\\/www.woundedfoundation.org\\\/wp-content\\\/uploads\\\/2016\\\/12\\\/DSC03910.jpg\"]; var prt_gal_cap_2094211819 = [\"\",\"\",\"\",\"\",\"\"]; <\/script><\/div>\n","protected":false},"excerpt":{"rendered":"<p>Dieses Programm besch\u00e4ftigt sich mit dem Bringen von Verletzten in die Krankenh\u00e4user, der\u00a0 Durchf\u00fchrung von \u00e4rztlichen Untersuchungen und der Beschaffung von erforderlichen medizinischen Ausr\u00fcstungen. Ihre Freiwillgen beaufsichtigen alles in diesem Bereich im ganzen Land.<\/p>\n","protected":false},"author":2,"featured_media":0,"parent":0,"menu_order":0,"comment_status":"closed","ping_status":"closed","template":"","meta":[],"aioseo_notices":[],"_links":{"self":[{"href":"https:\/\/www.woundedfoundation.org\/index.php?rest_route=\/wp\/v2\/pages\/1454"}],"collection":[{"href":"https:\/\/www.woundedfoundation.org\/index.php?rest_route=\/wp\/v2\/pages"}],"about":[{"href":"https:\/\/www.woundedfoundation.org\/index.php?rest_route=\/wp\/v2\/types\/page"}],"author":[{"embeddable":true,"href":"https:\/\/www.woundedfoundation.org\/index.php?rest_route=\/wp\/v2\/users\/2"}],"replies":[{"embeddable":true,"href":"https:\/\/www.woundedfoundation.org\/index.php?rest_route=%2Fwp%2Fv2%2Fcomments&post=1454"}],"version-history":[{"count":3,"href":"https:\/\/www.woundedfoundation.org\/index.php?rest_route=\/wp\/v2\/pages\/1454\/revisions"}],"predecessor-version":[{"id":1863,"href":"https:\/\/www.woundedfoundation.org\/index.php?rest_route=\/wp\/v2\/pages\/1454\/revisions\/1863"}],"wp:attachment":[{"href":"https:\/\/www.woundedfoundation.org\/index.php?rest_route=%2Fwp%2Fv2%2Fmedia&parent=1454"}],"curies":[{"name":"wp","href":"https:\/\/api.w.org\/{rel}","templated":true}]}}