{"id":1451,"date":"2017-02-04T23:32:57","date_gmt":"2017-02-04T20:32:57","guid":{"rendered":"http:\/\/www.woundedfoundation.org\/?page_id=1451"},"modified":"2017-04-05T15:22:31","modified_gmt":"2017-04-05T12:22:31","slug":"arzneimittelprogramm","status":"publish","type":"page","link":"https:\/\/www.woundedfoundation.org\/?page_id=1451","title":{"rendered":"Arzneimittelprogramm"},"content":{"rendered":"<p dir=\"ltr\">Auf grund des Mangels an Medikamenten und ihrer hohen Preisen stattet das Programm die Verletzten mit den n\u00f6tigen Arzneimittel aus. Es versorgt auch die \u00f6ffentlichen Krankenh\u00e4user mit einigen Medikamenten und unterst\u00fctzt die Gesundheitszentren durch ihre Dienstleistungen f\u00fcr die Fl\u00fcchtlinge.<\/p>\n<div class=\"better-gallery-container\"><div id=\"gallery-1876619994\" class=\"better-gallery  better-gallery-img-publisher-lg\" data-gallery-id=\"1876619994\">\n                <div class=\"gallery-title clearfix\">\n                    <h3 class=\"main-title\">Arzneimittelprogramm<\/h3>\n                    <span class=\"prev\"><i class=\"fa fa-angle-right\"><\/i> Prev<\/span>\n                    <span class=\"count\"><i class=\"current\">1<\/i> of <i class=\"total\">3<\/i><\/span>\n                    <span class=\"next\">Next <i class=\"fa fa-angle-left\"><\/i><\/span>\n                <\/div>\n                <div class=\"fotorama\" data-nav=\"thumbs\" data-auto=\"false\" data-ratio=\"16\/7\"><div data-thumb=\"https:\/\/www.woundedfoundation.org\/wp-content\/uploads\/2016\/12\/DSC00022-150x150.jpg\">\n                        <a href=\"https:\/\/www.woundedfoundation.org\/wp-content\/uploads\/2016\/12\/DSC00022.jpg\" class=\"slide-link\" data-not-rel=\"true\">\n                            <img  data-id=\"565\" src=\"https:\/\/www.woundedfoundation.org\/wp-content\/uploads\/2016\/12\/DSC00022.jpg\">\n                        <\/a>\n                    <div class=\"slide-title-wrap\"><\/div><\/div><div data-thumb=\"https:\/\/www.woundedfoundation.org\/wp-content\/uploads\/2016\/12\/000880852-150x150.jpg\">\n                        <a href=\"https:\/\/www.woundedfoundation.org\/wp-content\/uploads\/2016\/12\/000880852.jpg\" class=\"slide-link\" data-not-rel=\"true\">\n                            <img  data-id=\"566\" src=\"https:\/\/www.woundedfoundation.org\/wp-content\/uploads\/2016\/12\/000880852.jpg\">\n                        <\/a>\n                    <div class=\"slide-title-wrap\"><\/div><\/div><div data-thumb=\"https:\/\/www.woundedfoundation.org\/wp-content\/uploads\/2016\/12\/00095045-150x150.jpg\">\n                        <a href=\"https:\/\/www.woundedfoundation.org\/wp-content\/uploads\/2016\/12\/00095045.jpg\" class=\"slide-link\" data-not-rel=\"true\">\n                            <img  data-id=\"564\" src=\"https:\/\/www.woundedfoundation.org\/wp-content\/uploads\/2016\/12\/00095045.jpg\">\n                        <\/a>\n                    <div class=\"slide-title-wrap\"><\/div><\/div><\/div><\/div><script>var prt_gal_img_1876619994 = [\"https:\\\/\\\/www.woundedfoundation.org\\\/wp-content\\\/uploads\\\/2016\\\/12\\\/DSC00022.jpg\",\"https:\\\/\\\/www.woundedfoundation.org\\\/wp-content\\\/uploads\\\/2016\\\/12\\\/000880852.jpg\",\"https:\\\/\\\/www.woundedfoundation.org\\\/wp-content\\\/uploads\\\/2016\\\/12\\\/00095045.jpg\"]; var prt_gal_cap_1876619994 = [\"\",\"\",\"\"]; <\/script><\/div>\n<p dir=\"ltr\">\n","protected":false},"excerpt":{"rendered":"<p>Auf grund des Mangels an Medikamenten und ihrer hohen Preisen stattet das Programm die Verletzten mit den n\u00f6tigen Arzneimittel aus. Es versorgt auch die \u00f6ffentlichen Krankenh\u00e4user mit einigen Medikamenten und unterst\u00fctzt die Gesundheitszentren durch ihre Dienstleistungen f\u00fcr die Fl\u00fcchtlinge.<\/p>\n","protected":false},"author":2,"featured_media":0,"parent":0,"menu_order":0,"comment_status":"closed","ping_status":"closed","template":"","meta":[],"aioseo_notices":[],"_links":{"self":[{"href":"https:\/\/www.woundedfoundation.org\/index.php?rest_route=\/wp\/v2\/pages\/1451"}],"collection":[{"href":"https:\/\/www.woundedfoundation.org\/index.php?rest_route=\/wp\/v2\/pages"}],"about":[{"href":"https:\/\/www.woundedfoundation.org\/index.php?rest_route=\/wp\/v2\/types\/page"}],"author":[{"embeddable":true,"href":"https:\/\/www.woundedfoundation.org\/index.php?rest_route=\/wp\/v2\/users\/2"}],"replies":[{"embeddable":true,"href":"https:\/\/www.woundedfoundation.org\/index.php?rest_route=%2Fwp%2Fv2%2Fcomments&post=1451"}],"version-history":[{"count":3,"href":"https:\/\/www.woundedfoundation.org\/index.php?rest_route=\/wp\/v2\/pages\/1451\/revisions"}],"predecessor-version":[{"id":1865,"href":"https:\/\/www.woundedfoundation.org\/index.php?rest_route=\/wp\/v2\/pages\/1451\/revisions\/1865"}],"wp:attachment":[{"href":"https:\/\/www.woundedfoundation.org\/index.php?rest_route=%2Fwp%2Fv2%2Fmedia&parent=1451"}],"curies":[{"name":"wp","href":"https:\/\/api.w.org\/{rel}","templated":true}]}}