{"id":1439,"date":"2017-02-04T22:58:18","date_gmt":"2017-02-04T19:58:18","guid":{"rendered":"http:\/\/www.woundedfoundation.org\/?page_id=1439"},"modified":"2017-02-04T23:29:12","modified_gmt":"2017-02-04T20:29:12","slug":"unser-programm","status":"publish","type":"page","link":"https:\/\/www.woundedfoundation.org\/?page_id=1439","title":{"rendered":"Unser Programm"},"content":{"rendered":"<h1>1-\u00a0\u00a0\u00a0 Ern\u00e4hrungsprogramm<\/h1>\n<p>Dieses Programm bietet den Verletzten drei Mahlzeiten in allen Krankenh\u00e4usern Sanatorien und Pflegeheimen durch die Zentralk\u00fcchen der Ik dar. Diese Mahlzeiten wurden unter medizinischer Beobachtung nach allgemeinen und privaten Tabellen der gesunden Ern\u00e4hrung serviert.<\/p>\n<h1>2-\u00a0\u00a0\u00a0 Pflegeprogramm<\/h1>\n<p>Hier besch\u00e4ftigt sich man in der Genesungszeit mit den Verletzten in den verschiedenen Sanatorien und hilft ihnen mit allem, was sie brauchen, bis sie wieder gesund sind.<\/p>\n<h1>3-\u00a0\u00a0\u00a0 Arzneimittelprogramm<\/h1>\n<p>Auf grund des Mangels an Medikamenten und ihrer hohen Preisen stattet das Programm die Verletzten mit den n\u00f6tigen Arzneimittel aus. Es versorgt auch die \u00f6ffentlichen Krankenh\u00e4user mit einigen Medikamenten und unterst\u00fctzt die Gesundheitszentren durch ihre Dienstleistungen f\u00fcr die Fl\u00fcchtlinge.<\/p>\n<h1>4-\u00a0\u00a0\u00a0 Krankenhausprogramm<\/h1>\n<p>Dieses Programm besch\u00e4ftigt sich mit dem Bringen von Verletzten in die Krankenh\u00e4user, der\u00a0 Durchf\u00fchrung von \u00e4rztlichen Untersuchungen und der Beschaffung von erforderlichen medizinischen Ausr\u00fcstungen. Ihre Freiwillgen beaufsichtigen alles in diesem Bereich im ganzen Land.<\/p>\n<h1>5-\u00a0\u00a0\u00a0 \u00a0Programm f\u00fcr Menschen mit Behinderung<\/h1>\n<p>Die Arten von Behinderungen und die wichtigen Informationen von den Betroffenen sind wichtig f\u00fcr die Auswahl von richtigen Behandlungen. Sie werden auch rehabilitiert und k\u00f6rperlich bzw. psychisch unterst\u00fctzt, damit sie wieder in die Gesellschaft wieder aufgenommen werden k\u00f6nnen.<\/p>\n","protected":false},"excerpt":{"rendered":"<p>1-\u00a0\u00a0\u00a0 Ern\u00e4hrungsprogramm Dieses Programm bietet den Verletzten drei Mahlzeiten in allen Krankenh\u00e4usern Sanatorien und Pflegeheimen durch die Zentralk\u00fcchen der Ik dar. Diese Mahlzeiten wurden unter medizinischer Beobachtung nach allgemeinen und privaten Tabellen der gesunden Ern\u00e4hrung serviert. 2-\u00a0\u00a0\u00a0 Pflegeprogramm Hier besch\u00e4ftigt sich man in der Genesungszeit mit den Verletzten in den verschiedenen Sanatorien und hilft ihnen [&hellip;]<\/p>\n","protected":false},"author":2,"featured_media":0,"parent":0,"menu_order":0,"comment_status":"closed","ping_status":"closed","template":"","meta":[],"aioseo_notices":[],"_links":{"self":[{"href":"https:\/\/www.woundedfoundation.org\/index.php?rest_route=\/wp\/v2\/pages\/1439"}],"collection":[{"href":"https:\/\/www.woundedfoundation.org\/index.php?rest_route=\/wp\/v2\/pages"}],"about":[{"href":"https:\/\/www.woundedfoundation.org\/index.php?rest_route=\/wp\/v2\/types\/page"}],"author":[{"embeddable":true,"href":"https:\/\/www.woundedfoundation.org\/index.php?rest_route=\/wp\/v2\/users\/2"}],"replies":[{"embeddable":true,"href":"https:\/\/www.woundedfoundation.org\/index.php?rest_route=%2Fwp%2Fv2%2Fcomments&post=1439"}],"version-history":[{"count":3,"href":"https:\/\/www.woundedfoundation.org\/index.php?rest_route=\/wp\/v2\/pages\/1439\/revisions"}],"predecessor-version":[{"id":1444,"href":"https:\/\/www.woundedfoundation.org\/index.php?rest_route=\/wp\/v2\/pages\/1439\/revisions\/1444"}],"wp:attachment":[{"href":"https:\/\/www.woundedfoundation.org\/index.php?rest_route=%2Fwp%2Fv2%2Fmedia&parent=1439"}],"curies":[{"name":"wp","href":"https:\/\/api.w.org\/{rel}","templated":true}]}}