{"id":1433,"date":"2017-02-04T22:54:25","date_gmt":"2017-02-04T19:54:25","guid":{"rendered":"http:\/\/www.woundedfoundation.org\/?page_id=1433"},"modified":"2019-07-10T16:23:29","modified_gmt":"2019-07-10T13:23:29","slug":"hauptseite","status":"publish","type":"page","link":"https:\/\/www.woundedfoundation.org\/?lang=de","title":{"rendered":"Hauptseite"},"content":{"rendered":"<p>[vc_row][vc_column]<div class=\" bs-listing bs-listing-slider-1 bs-listing-single-tab\">\t<div class=\"bs-shortcode bs-slider bs-slider-1 clearfix  l-1\">\n\n\t\t<div class=\"better-slider\" id=\"slider-598809236\"\n\t\t     data-slideshowSpeed=\"7000\"\n\t\t     data-animation=\"fade\"\n\t\t     data-controlNav=\"1\"\n\t\t     data-animationSpeed=\"600\">\n\t\t\t<ul class=\"slides\">\n\t\t\t\t\t\t\t\t\t<li class=\"slide bs-slider-item bs-slider-1-item main-term-248 has-post-thumbnail\">\n\t\t\t\t\t\t<div class=\"item-content\">\n\n\t\t\t\t\t\t\t<a class=\"img-cont\" href=\"https:\/\/www.woundedfoundation.org\/?p=2543\"\n\t\t\t\t\t\t\t   style=\"background-image: url('https:\/\/www.woundedfoundation.org\/wp-content\/uploads\/2017\/09\/\u0625\u0634\u0647\u0627\u0631\u0627\u0644\u0645\u062c\u0644\u0633-\u0627\u0644\u0635\u062d\u064a-\u0644\u0623\u0646\u0635\u0627\u0631-\u0627\u0644\u0644\u0647.jpg')\"><\/a>\n\t\t\t\t\t\t\t\t\t\t\t\t\t\t<div class=\"content-container\">\n\t\t\t\t\t\t\t\t<h3 class=\"title\">\t\t\t\t\t\t\t\t<a class=\"post-url post-title\" href=\"https:\/\/www.woundedfoundation.org\/?p=2543\">\n\t\t\t\t\t\t\t\t\tDas Proklamieren des Gesundheitsrat von Ansarallah in Sanaa\t\t\t\t\t\t\t\t<\/a>\n\t\t\t\t\t\t\t\t<\/h3>\t\t<div class=\"post-meta\">\n\n\t\t\t\t\t\t\t<span class=\"time\"><time class=\"post-published updated\"\n\t\t\t\t                         datetime=\"2017-09-19T20:04:48+03:00\">\u0633\u0628\u062a\u0645\u0628\u0631 19, 2017<\/time><\/span>\n\t\t\t\t\t\t<\/div>\n\t\t\t\t\t\t\t\t\t<\/div>\n\t\t\t\t\t\t<\/div>\n\t\t\t\t\t<\/li>\n\t\t\t\t\t\t\t\t\t\t<li class=\"slide bs-slider-item bs-slider-1-item main-term-248 has-post-thumbnail\">\n\t\t\t\t\t\t<div class=\"item-content\">\n\n\t\t\t\t\t\t\t<a class=\"img-cont\" href=\"https:\/\/www.woundedfoundation.org\/?p=2546\"\n\t\t\t\t\t\t\t   style=\"background-image: url('https:\/\/www.woundedfoundation.org\/wp-content\/uploads\/2017\/09\/DSC08374.jpg')\"><\/a>\n\t\t\t\t\t\t\t\t\t\t\t\t\t\t<div class=\"content-container\">\n\t\t\t\t\t\t\t\t<h3 class=\"title\">\t\t\t\t\t\t\t\t<a class=\"post-url post-title\" href=\"https:\/\/www.woundedfoundation.org\/?p=2546\">\n\t\t\t\t\t\t\t\t\tEine Versammlung in Sann \u00fcber (die Gesundheitslage und die Revolution der 21. September &#8211; die Wirklichkeit und die Ambition)\t\t\t\t\t\t\t\t<\/a>\n\t\t\t\t\t\t\t\t<\/h3>\t\t<div class=\"post-meta\">\n\n\t\t\t\t\t\t\t<span class=\"time\"><time class=\"post-published updated\"\n\t\t\t\t                         datetime=\"2017-09-17T21:15:45+03:00\">\u0633\u0628\u062a\u0645\u0628\u0631 17, 2017<\/time><\/span>\n\t\t\t\t\t\t<\/div>\n\t\t\t\t\t\t\t\t\t<\/div>\n\t\t\t\t\t\t<\/div>\n\t\t\t\t\t<\/li>\n\t\t\t\t\t\t\t\t\t\t<li class=\"slide bs-slider-item bs-slider-1-item main-term-248 has-post-thumbnail\">\n\t\t\t\t\t\t<div class=\"item-content\">\n\n\t\t\t\t\t\t\t<a class=\"img-cont\" href=\"https:\/\/www.woundedfoundation.org\/?p=2541\"\n\t\t\t\t\t\t\t   style=\"background-image: url('https:\/\/www.woundedfoundation.org\/wp-content\/uploads\/2017\/08\/DSC_4924_compress1.jpg')\"><\/a>\n\t\t\t\t\t\t\t\t\t\t\t\t\t\t<div class=\"content-container\">\n\t\t\t\t\t\t\t\t<h3 class=\"title\">\t\t\t\t\t\t\t\t<a class=\"post-url post-title\" href=\"https:\/\/www.woundedfoundation.org\/?p=2541\">\n\t\t\t\t\t\t\t\t\tDie IK veranstaltete ein Fest f\u00fcr die erste Gruppe von den Kriegsverletzten (die Siegerringer)\t\t\t\t\t\t\t\t<\/a>\n\t\t\t\t\t\t\t\t<\/h3>\t\t<div class=\"post-meta\">\n\n\t\t\t\t\t\t\t<span class=\"time\"><time class=\"post-published updated\"\n\t\t\t\t                         datetime=\"2017-08-30T20:29:58+03:00\">\u0623\u063a\u0633\u0637\u0633 30, 2017<\/time><\/span>\n\t\t\t\t\t\t<\/div>\n\t\t\t\t\t\t\t\t\t<\/div>\n\t\t\t\t\t\t<\/div>\n\t\t\t\t\t<\/li>\n\t\t\t\t\t\t\t\t\t\t<li class=\"slide bs-slider-item bs-slider-1-item main-term-248 has-post-thumbnail\">\n\t\t\t\t\t\t<div class=\"item-content\">\n\n\t\t\t\t\t\t\t<a class=\"img-cont\" href=\"https:\/\/www.woundedfoundation.org\/?p=2288\"\n\t\t\t\t\t\t\t   style=\"background-image: url('https:\/\/www.woundedfoundation.org\/wp-content\/uploads\/2017\/06\/\u0641\u0627\u0637\u0645\u0629.jpg')\"><\/a>\n\t\t\t\t\t\t\t\t\t\t\t\t\t\t<div class=\"content-container\">\n\t\t\t\t\t\t\t\t<h3 class=\"title\">\t\t\t\t\t\t\t\t<a class=\"post-url post-title\" href=\"https:\/\/www.woundedfoundation.org\/?p=2288\">\n\t\t\t\t\t\t\t\t\tDie IK besucht das Kind  Fatima in ihrem Haus.\t\t\t\t\t\t\t\t<\/a>\n\t\t\t\t\t\t\t\t<\/h3>\t\t<div class=\"post-meta\">\n\n\t\t\t\t\t\t\t<span class=\"time\"><time class=\"post-published updated\"\n\t\t\t\t                         datetime=\"2017-06-17T14:34:05+03:00\">\u064a\u0648\u0646\u064a\u0648 17, 2017<\/time><\/span>\n\t\t\t\t\t\t<\/div>\n\t\t\t\t\t\t\t\t\t<\/div>\n\t\t\t\t\t\t<\/div>\n\t\t\t\t\t<\/li>\n\t\t\t\t\t\t\t\t<\/ul>\n\t\t<\/div>\n\t<\/div>\n<\/div>[\/vc_column][\/vc_row][vc_row][vc_column]<div class=\" bs-listing bs-listing-listing-thumbnail-2 bs-listing-single-tab\">\t\t\t<h3 class=\"section-heading sh-t6 sh-s2 main-term-248\">\n\n\t\t\t\n\t\t\t\t\t\t\t\t\t<a href=\"https:\/\/www.woundedfoundation.org\/?cat=248\" class=\"main-link\">\n\t\t\t\t\t\t\t<span class=\"h-text main-term-248\">\n\t\t\t\t\t\t\t\tAus dem T\u00e4tigkeitsfeld\t\t\t\t\t\t\t<\/span>\n\t\t\t\t\t<\/a>\n\t\t\t\t\n\t\t\t\n\t\t\t<\/h3>\n\t\t\t\t<div class=\"listing listing-thumbnail listing-tb-2 clearfix scolumns-3 bsw-7 \">\n\t<article  class=\"post-2543 type-post format-standard has-post-thumbnail   listing-item listing-item-thumbnail listing-item-tb-2 main-term-248\">\n<div class=\"item-inner clearfix\">\n\t\t\t<div class=\"featured\">\n\t\t\t\t\t\t<a  title=\"Das Proklamieren des Gesundheitsrat von Ansarallah in Sanaa\" style=\"background-image: url(https:\/\/www.woundedfoundation.org\/wp-content\/uploads\/2017\/09\/\u0625\u0634\u0647\u0627\u0631\u0627\u0644\u0645\u062c\u0644\u0633-\u0627\u0644\u0635\u062d\u064a-\u0644\u0623\u0646\u0635\u0627\u0631-\u0627\u0644\u0644\u0647.jpg);\"\t\t\t\t\tclass=\"img-holder\" href=\"https:\/\/www.woundedfoundation.org\/?p=2543\"><\/a>\n\t\t\t\t\t<\/div>\n\t<h2 class=\"title\">\t<a class=\"post-url\" href=\"https:\/\/www.woundedfoundation.org\/?p=2543\" title=\"Das Proklamieren des Gesundheitsrat von Ansarallah in Sanaa\">\n\t\t\t<span class=\"post-title\">\n\t\t\t\tDas Proklamieren des Gesundheitsrat von Ansarallah in Sanaa\t\t\t<\/span>\n\t<\/a>\n\t<\/h2><\/div>\n<\/article >\n<article  class=\"post-2546 type-post format-standard has-post-thumbnail   listing-item listing-item-thumbnail listing-item-tb-2 main-term-248\">\n<div class=\"item-inner clearfix\">\n\t\t\t<div class=\"featured\">\n\t\t\t\t\t\t<a  title=\"Eine Versammlung in Sann \u00fcber (die Gesundheitslage und die Revolution der 21. September &#8211; die Wirklichkeit und die Ambition)\" style=\"background-image: url(https:\/\/www.woundedfoundation.org\/wp-content\/uploads\/2017\/09\/DSC08374.jpg);\"\t\t\t\t\tclass=\"img-holder\" href=\"https:\/\/www.woundedfoundation.org\/?p=2546\"><\/a>\n\t\t\t\t\t<\/div>\n\t<h2 class=\"title\">\t<a class=\"post-url\" href=\"https:\/\/www.woundedfoundation.org\/?p=2546\" title=\"Eine Versammlung in Sann \u00fcber (die Gesundheitslage und die Revolution der 21. September &#8211; die Wirklichkeit und die Ambition)\">\n\t\t\t<span class=\"post-title\">\n\t\t\t\tEine Versammlung in Sann \u00fcber (die Gesundheitslage und die&hellip;\t\t\t<\/span>\n\t<\/a>\n\t<\/h2><\/div>\n<\/article >\n<article  class=\"post-2541 type-post format-standard has-post-thumbnail   listing-item listing-item-thumbnail listing-item-tb-2 main-term-248\">\n<div class=\"item-inner clearfix\">\n\t\t\t<div class=\"featured\">\n\t\t\t\t\t\t<a  title=\"Die IK veranstaltete ein Fest f\u00fcr die erste Gruppe von den Kriegsverletzten (die Siegerringer)\" style=\"background-image: url(https:\/\/www.woundedfoundation.org\/wp-content\/uploads\/2017\/08\/DSC_4924_compress1.jpg);\"\t\t\t\t\tclass=\"img-holder\" href=\"https:\/\/www.woundedfoundation.org\/?p=2541\"><\/a>\n\t\t\t\t\t<\/div>\n\t<h2 class=\"title\">\t<a class=\"post-url\" href=\"https:\/\/www.woundedfoundation.org\/?p=2541\" title=\"Die IK veranstaltete ein Fest f\u00fcr die erste Gruppe von den Kriegsverletzten (die Siegerringer)\">\n\t\t\t<span class=\"post-title\">\n\t\t\t\tDie IK veranstaltete ein Fest f\u00fcr die erste Gruppe von den&hellip;\t\t\t<\/span>\n\t<\/a>\n\t<\/h2><\/div>\n<\/article >\n<article  class=\"post-2288 type-post format-standard has-post-thumbnail   listing-item listing-item-thumbnail listing-item-tb-2 main-term-248\">\n<div class=\"item-inner clearfix\">\n\t\t\t<div class=\"featured\">\n\t\t\t\t\t\t<a  title=\"Die IK besucht das Kind  Fatima in ihrem Haus.\" style=\"background-image: url(https:\/\/www.woundedfoundation.org\/wp-content\/uploads\/2017\/06\/\u0641\u0627\u0637\u0645\u0629.jpg);\"\t\t\t\t\tclass=\"img-holder\" href=\"https:\/\/www.woundedfoundation.org\/?p=2288\"><\/a>\n\t\t\t\t\t<\/div>\n\t<h2 class=\"title\">\t<a class=\"post-url\" href=\"https:\/\/www.woundedfoundation.org\/?p=2288\" title=\"Die IK besucht das Kind  Fatima in ihrem Haus.\">\n\t\t\t<span class=\"post-title\">\n\t\t\t\tDie IK besucht das Kind  Fatima in ihrem Haus.\t\t\t<\/span>\n\t<\/a>\n\t<\/h2><\/div>\n<\/article >\n<article  class=\"post-2286 type-post format-standard has-post-thumbnail   listing-item listing-item-thumbnail listing-item-tb-2 main-term-248\">\n<div class=\"item-inner clearfix\">\n\t\t\t<div class=\"featured\">\n\t\t\t\t\t\t<a  style=\"background-image: url(https:\/\/www.woundedfoundation.org\/wp-content\/uploads\/2017\/06\/431728125_96069.jpg);\"\t\t\t\t\tclass=\"img-holder\" href=\"https:\/\/www.woundedfoundation.org\/?p=2286\"><\/a>\n\t\t\t\t\t<\/div>\n\t<h2 class=\"title\">\t<a class=\"post-url\" href=\"https:\/\/www.woundedfoundation.org\/?p=2286\" title>\n\t\t\t<span class=\"post-title\">\n\t\t\t\t\t\t\t<\/span>\n\t<\/a>\n\t<\/h2><\/div>\n<\/article >\n<article  class=\"post-2284 type-post format-standard has-post-thumbnail   listing-item listing-item-thumbnail listing-item-tb-2 main-term-248\">\n<div class=\"item-inner clearfix\">\n\t\t\t<div class=\"featured\">\n\t\t\t\t\t\t<a  title=\"Behinderte Personen sind eine der wichtigsten Priorit\u00e4ten der IK.\" style=\"background-image: url(https:\/\/www.woundedfoundation.org\/wp-content\/uploads\/2017\/05\/430402020_125243.jpg);\"\t\t\t\t\tclass=\"img-holder\" href=\"https:\/\/www.woundedfoundation.org\/?p=2284\"><\/a>\n\t\t\t\t\t<\/div>\n\t<h2 class=\"title\">\t<a class=\"post-url\" href=\"https:\/\/www.woundedfoundation.org\/?p=2284\" title=\"Behinderte Personen sind eine der wichtigsten Priorit\u00e4ten der IK.\">\n\t\t\t<span class=\"post-title\">\n\t\t\t\tBehinderte Personen sind eine der wichtigsten Priorit\u00e4ten&hellip;\t\t\t<\/span>\n\t<\/a>\n\t<\/h2><\/div>\n<\/article >\n\t<\/div>\n\t<\/div>[\/vc_column][\/vc_row][vc_row][vc_column]<div class=\" bs-listing bs-listing-listing-blog-1 bs-listing-single-tab\">\t\t\t<h3 class=\"section-heading sh-t6 sh-s2 main-term-250\">\n\n\t\t\t\n\t\t\t\t\t\t\t\t\t<a href=\"https:\/\/www.woundedfoundation.org\/?cat=250\" class=\"main-link\">\n\t\t\t\t\t\t\t<span class=\"h-text main-term-250\">\n\t\t\t\t\t\t\t\tGeschichte einiger Kriegsverletzten\t\t\t\t\t\t\t<\/span>\n\t\t\t\t\t<\/a>\n\t\t\t\t\n\t\t\t\n\t\t\t<\/h3>\n\t\t\t\t<div class=\"listing listing-blog listing-blog-5 clearfix columns-1\">\n\t\t<article class=\"post-1717 type-post format-standard has-post-thumbnail   listing-item listing-item-blog  listing-item-blog-5 main-term-250 bsw-7 \">\n\t<div class=\"item-inner clearfix\">\n\n\t\t\t\t\t<div class=\"featured clearfix\">\n\t\t\t\t\t\t\t\t<a  title=\"Rwaida.. Warum hat sie ihr Bein verloren?\" style=\"background-image: url(https:\/\/www.woundedfoundation.org\/wp-content\/uploads\/2017\/03\/vvv.png);\"\t\t\t\t\t\tclass=\"img-holder\" href=\"https:\/\/www.woundedfoundation.org\/?p=1717\"><\/a>\n\t\t\t\t\t\t\t<\/div>\n\t\t<h2 class=\"title\">\t\t<a href=\"https:\/\/www.woundedfoundation.org\/?p=1717\" class=\"post-title post-url\">\n\t\t\tRwaida.. Warum hat sie ihr Bein verloren?\t\t<\/a>\n\t\t<\/h2>\t\t<div class=\"post-meta\">\n\n\t\t\t\t\t\t\t<span class=\"time\"><time class=\"post-published updated\"\n\t\t\t\t                         datetime=\"2017-03-14T20:31:36+03:00\">\u0645\u0627\u0631\u0633 14, 2017<\/time><\/span>\n\t\t\t\t\t\t<\/div>\n\t\t\t\t\t<div class=\"post-summary\">\n\t\t\t\tRwaida, 15 Jahre alt, ist eine Jungfrau, die sich auf ihre Hochzeit vorbereitet. Sie tr\u00e4umt von einem wei\u00dfen Hochzeitskleid, in dem sie wundersch\u00f6n aussehen w\u00fcrde und mit dem sie nach ihrem neuen Hause gehen w\u00fcrde.\r\nVor ihrer Hochzeit trat&hellip;\t\t\t\t\t<br><a class=\"read-more\"\n\t\t\t\t\t       href=\"https:\/\/www.woundedfoundation.org\/?p=1717\">Read More...<\/a>\n\t\t\t\t\t\t\t<\/div>\n\t\t\t\t<\/div>\n\t<\/article >\n\t<\/div>\n\t<\/div><div class=\" bs-listing bs-listing-listing-thumbnail-1 bs-listing-single-tab\">\t<div class=\"listing listing-thumbnail listing-tb-1 clearfix columns-3\">\n\t\t<article class=\"post-1587 type-post format-standard has-post-thumbnail   listing-item listing-item-thumbnail listing-item-tb-1 main-term-250\">\n\t<div class=\"item-inner clearfix\">\n\t\t\t\t\t<div class=\"featured\">\n\t\t\t\t<a  title=\"Hamda, eine Mutter, die ihren Mann und drei Kinder verloren hat\" style=\"background-image: url(https:\/\/www.woundedfoundation.org\/wp-content\/uploads\/2017\/01\/-\u0627\u0644\u062c\u0631\u062d\u0649-e1483899741618.jpg);\"\t\t\t\t\t\tclass=\"img-holder\" href=\"https:\/\/www.woundedfoundation.org\/?p=1587\"><\/a>\n\t\t\t\t\t\t\t<\/div>\n\t\t<h2 class=\"title\">\t\t<a href=\"https:\/\/www.woundedfoundation.org\/?p=1587\" class=\"post-url post-title\">\n\t\t\tHamda, eine Mutter, die ihren Mann und drei Kinder verloren&hellip;\t\t<\/a>\n\t\t<\/h2>\t\t<div class=\"post-meta\">\n\n\t\t\t\t\t\t\t<span class=\"time\"><time class=\"post-published updated\"\n\t\t\t\t                         datetime=\"2017-02-11T15:45:53+03:00\">\u0641\u0628\u0631\u0627\u064a\u0631 11, 2017<\/time><\/span>\n\t\t\t\t\t\t<\/div>\n\t\t\t<\/div>\n\t<\/article >\n\t<article class=\"post-1585 type-post format-standard has-post-thumbnail   listing-item listing-item-thumbnail listing-item-tb-1 main-term-250\">\n\t<div class=\"item-inner clearfix\">\n\t\t\t\t\t<div class=\"featured\">\n\t\t\t\t<a  title=\"Das Lachen verwandelt sich schnell in eine Heulerei\" style=\"background-image: url(https:\/\/www.woundedfoundation.org\/wp-content\/uploads\/2016\/12\/1431363445.jpeg);\"\t\t\t\t\t\tclass=\"img-holder\" href=\"https:\/\/www.woundedfoundation.org\/?p=1585\"><\/a>\n\t\t\t\t\t\t\t<\/div>\n\t\t<h2 class=\"title\">\t\t<a href=\"https:\/\/www.woundedfoundation.org\/?p=1585\" class=\"post-url post-title\">\n\t\t\tDas Lachen verwandelt sich schnell in eine Heulerei\t\t<\/a>\n\t\t<\/h2>\t\t<div class=\"post-meta\">\n\n\t\t\t\t\t\t\t<span class=\"time\"><time class=\"post-published updated\"\n\t\t\t\t                         datetime=\"2017-02-11T15:31:49+03:00\">\u0641\u0628\u0631\u0627\u064a\u0631 11, 2017<\/time><\/span>\n\t\t\t\t\t\t<\/div>\n\t\t\t<\/div>\n\t<\/article >\n\t<article class=\"post-1583 type-post format-standard has-post-thumbnail   listing-item listing-item-thumbnail listing-item-tb-1 main-term-250\">\n\t<div class=\"item-inner clearfix\">\n\t\t\t\t\t<div class=\"featured\">\n\t\t\t\t<a  title=\"Der Krieg hat alles von ihm gestohlen, sein Haus samit seiner ganzen Familie und sein linkes Bein\" style=\"background-image: url(https:\/\/www.woundedfoundation.org\/wp-content\/uploads\/2016\/12\/15571029_1178159405607509_181037753_n.jpg);\"\t\t\t\t\t\tclass=\"img-holder\" href=\"https:\/\/www.woundedfoundation.org\/?p=1583\"><\/a>\n\t\t\t\t\t\t\t<\/div>\n\t\t<h2 class=\"title\">\t\t<a href=\"https:\/\/www.woundedfoundation.org\/?p=1583\" class=\"post-url post-title\">\n\t\t\tDer Krieg hat alles von ihm gestohlen, sein Haus samit&hellip;\t\t<\/a>\n\t\t<\/h2>\t\t<div class=\"post-meta\">\n\n\t\t\t\t\t\t\t<span class=\"time\"><time class=\"post-published updated\"\n\t\t\t\t                         datetime=\"2017-02-11T15:20:41+03:00\">\u0641\u0628\u0631\u0627\u064a\u0631 11, 2017<\/time><\/span>\n\t\t\t\t\t\t<\/div>\n\t\t\t<\/div>\n\t<\/article >\n\t<\/div>\n\t<\/div>[\/vc_column][\/vc_row]<\/p>\n","protected":false},"excerpt":{"rendered":"<p>[vc_row][vc_column][\/vc_column][\/vc_row][vc_row][vc_column][\/vc_column][\/vc_row][vc_row][vc_column][\/vc_column][\/vc_row]<\/p>\n","protected":false},"author":2,"featured_media":0,"parent":0,"menu_order":0,"comment_status":"closed","ping_status":"closed","template":"","meta":[],"aioseo_notices":[],"_links":{"self":[{"href":"https:\/\/www.woundedfoundation.org\/index.php?rest_route=\/wp\/v2\/pages\/1433"}],"collection":[{"href":"https:\/\/www.woundedfoundation.org\/index.php?rest_route=\/wp\/v2\/pages"}],"about":[{"href":"https:\/\/www.woundedfoundation.org\/index.php?rest_route=\/wp\/v2\/types\/page"}],"author":[{"embeddable":true,"href":"https:\/\/www.woundedfoundation.org\/index.php?rest_route=\/wp\/v2\/users\/2"}],"replies":[{"embeddable":true,"href":"https:\/\/www.woundedfoundation.org\/index.php?rest_route=%2Fwp%2Fv2%2Fcomments&post=1433"}],"version-history":[{"count":7,"href":"https:\/\/www.woundedfoundation.org\/index.php?rest_route=\/wp\/v2\/pages\/1433\/revisions"}],"predecessor-version":[{"id":3198,"href":"https:\/\/www.woundedfoundation.org\/index.php?rest_route=\/wp\/v2\/pages\/1433\/revisions\/3198"}],"wp:attachment":[{"href":"https:\/\/www.woundedfoundation.org\/index.php?rest_route=%2Fwp%2Fv2%2Fmedia&parent=1433"}],"curies":[{"name":"wp","href":"https:\/\/api.w.org\/{rel}","templated":true}]}}